{"id":67,"date":"2018-03-06T22:44:04","date_gmt":"2018-03-06T21:44:04","guid":{"rendered":"https:\/\/www.grasselli.com\/?page_id=67"},"modified":"2023-04-27T12:03:14","modified_gmt":"2023-04-27T10:03:14","slug":"about-us","status":"publish","type":"page","link":"https:\/\/www.grasselli.com\/pt\/about-us\/","title":{"rendered":"Sobre nos"},"content":{"rendered":"<div id=\"modal-ready\"><div class=\"higlight\">\n<p><span style=\"color: #000080;\"><strong><span style=\"color: #003366;\">A origem<\/span> <\/strong><\/span><\/p>\n<p>A Grasselli foi criada em <strong>1974<\/strong> do intuito do seu fundador, Giorgio Grasselli. Naquele ano foi realizado o primeiro extrator de couros. Ap\u00f3s alguns meses a empresa j\u00e1 estava a operar em n\u00edvel internacional.<\/p>\n<p><span style=\"color: #003366;\"><strong>Os anos 90<\/strong><\/span><\/p>\n<p>Em <strong>1993<\/strong> a Grasselli inaugura uma nova linha de produ\u00e7\u00e3o e lan\u00e7a seu primeiro fatiador industrial. Os primeiros modelos j\u00e1 oferecem altos n\u00edveis de desempenho no setor.<\/p>\n<p><span style=\"color: #003366;\"><strong>O novo mil\u00eanio<\/strong><\/span><\/p>\n<p>Nos anos <strong>2000<\/strong>, o sucesso na Europa e nos Estados Unidos marca o in\u00edcio de um novo percurso. Os esfor\u00e7os da empresa se consolidam em duas linhas de produtos (<strong>fatiador<\/strong> e <strong>removedor de membranas<\/strong>), com a convic\u00e7\u00e3o de que o nosso trabalho seja projetar, realizar e distribuir em n\u00edvel internacional as solu\u00e7\u00f5es para o corte da carne mais avan\u00e7adas, seguras e de alto rendimento.<\/p>\n<div class=\"citz\">\n<p><span style=\"color: #003366;\"><strong>Rumo ao futuro<\/strong><\/span><\/p>\n<p>Atualmente a gama de produtos Grasselli ampliou-se significativamente e inclui uma rica variedade de <strong>solu\u00e7\u00f5es<\/strong> para o corte, o porcionamento e a extra\u00e7\u00e3o de couros das carnes. Solu\u00e7\u00f5es concebidas e realizadas atender \u00e0 demanda de alimentos que satisfazem os mais altos padr\u00f5es de qualidade presentes no mercado.<\/p>\n<\/div>\n<p><video controls=\"controls\" width=\"100%\" height=\"480\"><source src=\"[site-url]\/videos\/Grasselli_company_video.mp4\" type=\"video\/mp4\" \/>Your browser does not support the video tag.<\/video><\/p>\n<\/div>\n<div class=\"row big\">\n<div class=\"col col-md-6 mini\">\n<h4>Altos rendimentos<\/h4>\n<p>A tecnologia \u00e9 fundamental para ser competitivo em rela\u00e7\u00e3o \u00e0 demanda de produtos. cada vez melhores em termos de uniformidade, qualidade e durabilidade na prateleira. A Grasselli oferece isso: <strong>volumes maiores, processamentos mais r\u00e1pidos e cortes mais precisos<\/strong>. Para reduzir o descarte e maximizar o desempenho.<\/p>\n<\/div>\n<div class=\"col col-md-6 mini\">\n<h4>Seguran\u00e7a<\/h4>\n<p>As solu\u00e7\u00f5es Grasselli permitem a <strong>elimina\u00e7\u00e3o de opera\u00e7\u00f5es manuais arriscadas<\/strong>, reduzindo os riscos de acidentes no trabalho. Somos a \u00fanica empresa do setor que tem uma experi\u00eancia de v\u00e1rias d\u00e9cadas nos sistemas de sistemas de seguran\u00e7a, patenteados em n\u00edvel internacional. Como o sistema de seguran\u00e7a CLO, capazes de neutralizar o risco de acidentes e maximizar o desempenho.<\/p>\n<\/div>\n<div class=\"col col-md-6 mini\">\n<h4>Fiabilidade<\/h4>\n<p>Todas as m\u00e1quinas da gama de sistemas de corte, porcionamento e extra\u00e7\u00e3o de couros da Grasselli s\u00e3o projetadas e realizadas internamento de acordo com os mais <strong>rigorosos crit\u00e9rios industriais<\/strong>. Os materiais selecionados permitem antecipar as exig\u00eancias de manuten\u00e7\u00e3o, reduzindo os custos de repara\u00e7\u00e3o e o risco de paragem da m\u00e1quina.<\/p>\n<\/div>\n<div class=\"col col-md-6 mini\">\n<h4>Investiga\u00e7\u00e3o<\/h4>\n<p>Olhar para frente representa a ess\u00eancia da nossa cultura empresarial. 20 prot\u00f3tipos desenvolvidos nos \u00faltimos 5 anos e <strong>mais de 25 patentes ativas<\/strong> no mundo todo, dezenas de modelos de m\u00e1quinas de ponta e servi\u00e7os orientados \u00e0 resolu\u00e7\u00e3o de problemas. Tudo isso se tornou poss\u00edvel gra\u00e7as ao know-how t\u00e9cnico e profissional da nossa equipa. Porque o nosso verdadeiro valor agregado s\u00e3o as pessoas.<\/p>\n<\/div>\n<\/div>\n<div class=\"dwnl\" style=\"font-size: 24px; text-align: center;\"><a style=\"font-size: 24px; text-align: center;\" href=\"https:\/\/www.grasselli.com\/wp-content\/uploads\/2018\/08\/GRASSELLI_COMPANY_PROFILE_ENG.pdf\">Download Company Profile<\/a><\/div>\n<\/div>","protected":false},"excerpt":{"rendered":"<p>A origem A Grasselli foi criada em 1974 do intuito do seu fundador, Giorgio Grasselli. Naquele ano foi realizado o primeiro extrator de couros. Ap\u00f3s alguns meses a empresa j\u00e1 estava a operar em n\u00edvel internacional. Os anos 90 Em 1993 a Grasselli inaugura uma nova linha de produ\u00e7\u00e3o e lan\u00e7a seu primeiro fatiador industrial. [&hellip;]<\/p>\n","protected":false},"author":1,"featured_media":0,"parent":0,"menu_order":0,"comment_status":"closed","ping_status":"closed","template":"","meta":{"_acf_changed":false,"footnotes":""},"class_list":["post-67","page","type-page","status-publish","hentry"],"translation":{"provider":"WPGlobus","version":"3.0.0","language":"pt","enabled_languages":["en","it","ru","es","de","fr","pt","zh"],"languages":{"en":{"title":true,"content":true,"excerpt":false},"it":{"title":true,"content":true,"excerpt":false},"ru":{"title":true,"content":true,"excerpt":false},"es":{"title":true,"content":true,"excerpt":false},"de":{"title":true,"content":true,"excerpt":false},"fr":{"title":true,"content":true,"excerpt":false},"pt":{"title":true,"content":true,"excerpt":false},"zh":{"title":true,"content":true,"excerpt":false}}},"acf":[],"_links":{"self":[{"href":"https:\/\/www.grasselli.com\/pt\/wp-json\/wp\/v2\/pages\/67"}],"collection":[{"href":"https:\/\/www.grasselli.com\/pt\/wp-json\/wp\/v2\/pages"}],"about":[{"href":"https:\/\/www.grasselli.com\/pt\/wp-json\/wp\/v2\/types\/page"}],"author":[{"embeddable":true,"href":"https:\/\/www.grasselli.com\/pt\/wp-json\/wp\/v2\/users\/1"}],"replies":[{"embeddable":true,"href":"https:\/\/www.grasselli.com\/pt\/wp-json\/wp\/v2\/comments?post=67"}],"version-history":[{"count":7,"href":"https:\/\/www.grasselli.com\/pt\/wp-json\/wp\/v2\/pages\/67\/revisions"}],"predecessor-version":[{"id":7072,"href":"https:\/\/www.grasselli.com\/pt\/wp-json\/wp\/v2\/pages\/67\/revisions\/7072"}],"wp:attachment":[{"href":"https:\/\/www.grasselli.com\/pt\/wp-json\/wp\/v2\/media?parent=67"}],"curies":[{"name":"wp","href":"https:\/\/api.w.org\/{rel}","templated":true}]}}