{"id":647,"date":"2018-03-26T13:05:26","date_gmt":"2018-03-26T11:05:26","guid":{"rendered":"https:\/\/www.grasselli.com\/?page_id=647"},"modified":"2018-10-24T12:22:59","modified_gmt":"2018-10-24T10:22:59","slug":"careers","status":"publish","type":"page","link":"https:\/\/www.grasselli.com\/pt\/careers\/","title":{"rendered":"CAREERS"},"content":{"rendered":"<div id=\"modal-ready\"><h2><strong>Por que trabalhar connosco<\/strong><\/h2>\n<p>Venha fazer parte de uma empresa din\u00e2mica, com o olhar voltado para o futuro. Se deseja colocar em a\u00e7\u00e3o as suas compet\u00eancias e o seu profissionalismo, a Grasselli \u00e9 o lugar onde poder\u00e1 fazer a diferen\u00e7a.<\/p>\n<ol>\n<li><strong>Vis\u00e3o global<br \/>\n<\/strong>Presentes em mais de 50 pa\u00edses do mundo e continuamente em expans\u00e3o em novos mercados.<\/li>\n<li><strong>Processos produtivos completos<br \/>\n<\/strong>Produ\u00e7\u00e3o completamente in-house para experi\u00eancias profissionais estimulantes em todos os aspetos.<\/li>\n<li><strong>As pessoas antes de qualquer coisa<br \/>\n<\/strong>A nossa for\u00e7a \u00e9 a inova\u00e7\u00e3o, as pessoas s\u00e3o o motor da nossa investiga\u00e7\u00e3o cont\u00ednua.<\/li>\n<\/ol>\n<\/div>","protected":false},"excerpt":{"rendered":"<p>Por que trabalhar connosco Venha fazer parte de uma empresa din\u00e2mica, com o olhar voltado para o futuro. Se deseja colocar em a\u00e7\u00e3o as suas compet\u00eancias e o seu profissionalismo, a Grasselli \u00e9 o lugar onde poder\u00e1 fazer a diferen\u00e7a. Vis\u00e3o global Presentes em mais de 50 pa\u00edses do mundo e continuamente em expans\u00e3o em [&hellip;]<\/p>\n","protected":false},"author":1,"featured_media":1054,"parent":0,"menu_order":0,"comment_status":"closed","ping_status":"closed","template":"careers.php","meta":{"_acf_changed":false,"footnotes":""},"class_list":["post-647","page","type-page","status-publish","has-post-thumbnail","hentry"],"translation":{"provider":"WPGlobus","version":"3.0.0","language":"pt","enabled_languages":["en","it","ru","es","de","fr","pt","zh"],"languages":{"en":{"title":true,"content":true,"excerpt":false},"it":{"title":true,"content":true,"excerpt":false},"ru":{"title":true,"content":true,"excerpt":false},"es":{"title":true,"content":true,"excerpt":false},"de":{"title":true,"content":true,"excerpt":false},"fr":{"title":true,"content":true,"excerpt":false},"pt":{"title":true,"content":true,"excerpt":false},"zh":{"title":true,"content":true,"excerpt":false}}},"acf":[],"_links":{"self":[{"href":"https:\/\/www.grasselli.com\/pt\/wp-json\/wp\/v2\/pages\/647"}],"collection":[{"href":"https:\/\/www.grasselli.com\/pt\/wp-json\/wp\/v2\/pages"}],"about":[{"href":"https:\/\/www.grasselli.com\/pt\/wp-json\/wp\/v2\/types\/page"}],"author":[{"embeddable":true,"href":"https:\/\/www.grasselli.com\/pt\/wp-json\/wp\/v2\/users\/1"}],"replies":[{"embeddable":true,"href":"https:\/\/www.grasselli.com\/pt\/wp-json\/wp\/v2\/comments?post=647"}],"version-history":[{"count":1,"href":"https:\/\/www.grasselli.com\/pt\/wp-json\/wp\/v2\/pages\/647\/revisions"}],"predecessor-version":[{"id":6918,"href":"https:\/\/www.grasselli.com\/pt\/wp-json\/wp\/v2\/pages\/647\/revisions\/6918"}],"wp:featuredmedia":[{"embeddable":true,"href":"https:\/\/www.grasselli.com\/pt\/wp-json\/wp\/v2\/media\/1054"}],"wp:attachment":[{"href":"https:\/\/www.grasselli.com\/pt\/wp-json\/wp\/v2\/media?parent=647"}],"curies":[{"name":"wp","href":"https:\/\/api.w.org\/{rel}","templated":true}]}}