{"id":6412,"date":"2023-07-17T10:52:18","date_gmt":"2023-07-17T08:52:18","guid":{"rendered":"https:\/\/www.grasselli.com\/?page_id=6412"},"modified":"2023-07-17T12:05:37","modified_gmt":"2023-07-17T10:05:37","slug":"cookie","status":"publish","type":"page","link":"https:\/\/www.grasselli.com\/pt\/cookie\/","title":{"rendered":"Pol\u00edtica de Cookies"},"content":{"rendered":"<div id=\"modal-ready\"><h1>POL\u00cdTICA DE COOKIES<\/h1>\n<p>A presente Pol\u00edtica de Cookies refere-se \u00e0 utiliza\u00e7\u00e3o de Cookies por parte do Site grasselli.com Para a Pol\u00edtica de privacidade do Site, \u00e9 poss\u00edvel <a href=\"https:\/\/www.grasselli.com\/pt\/privacy\/\">clicar aqui<\/a>.<br \/>\nOs Cookies s\u00e3o pequenos ficheiros de texto que podem ser utilizados pelos Sites para tornar a experi\u00eancia do Utilizador mais eficiente e s\u00e3o enviados para o browser do Utilizador, onde s\u00e3o memorizados e depois transmitidos de volta para o mesmo Site na pr\u00f3xima vez que o Utilizador o visitar. Os Cookies t\u00eam diferentes fun\u00e7\u00f5es.<br \/>\nO objetivo dos Cookies \u00e9 melhorar a funcionalidade e a navega\u00e7\u00e3o deste Site. Noutros casos, os Cookies s\u00e3o utilizados para monitorizar os utilizadores durante a navega\u00e7\u00e3o, para registar informa\u00e7\u00f5es sobre o que o Utilizador compra ou pode querer comprar, para personalizar a publicidade que lhe \u00e9 mostrada quando abre o e-mail ou navega numa rede social, e para personalizar conte\u00fados, fornecer funcionalidades de redes sociais e analisar o tr\u00e1fego.<br \/>\nNo seu browser, o Utilizador pode definir as suas prefer\u00eancias de privacidade de modo a n\u00e3o memorizar Cookies, apag\u00e1-los ap\u00f3s cada visita ou sempre que fechar o browser, ou ainda aceitar apenas os Cookies de grasselli.com e n\u00e3o os de terceiros.<\/p>\n<h2>Cookies t\u00e9cnicos<\/h2>\n<p>Os Cookies t\u00e9cnicos s\u00e3o aqueles cuja utiliza\u00e7\u00e3o n\u00e3o requer o consentimento do Utilizador. Os Cookies t\u00e9cnicos s\u00e3o utilizados com a \u00fanica finalidade de permitir ao Utilizador a navega\u00e7\u00e3o no Site e a utiliza\u00e7\u00e3o das suas funcionalidades. Trata-se sempre de Cookies pr\u00f3prios, uma vez que s\u00e3o transmitidos diretamente pelo Titular no Site. Os Cookies de navega\u00e7\u00e3o s\u00e3o normalmente Cookies de sess\u00e3o e, por isso, s\u00e3o automaticamente desativados quando o browser \u00e9 fechado. Outros Cookies t\u00e9cnicos s\u00e3o \u00fateis para permitir que certas prefer\u00eancias do Utilizador sejam memorizadas sem ter de redefini-las durante visitas subsequentes (os chamados &#8220;Cookies de funcionalidade&#8221;). Por este motivo, os Cookies de funcionalidade s\u00e3o muitas vezes Cookies persistentes, pois permanecem memorizados no computador do Utilizador mesmo depois de fechar o browser de navega\u00e7\u00e3o, at\u00e9 \u00e0 data de validade prevista pelos mesmos ou at\u00e9 que decida elimin\u00e1-los.<\/p>\n<h2>Cookies de terceiros<\/h2>\n<p>Estes Cookies s\u00e3o utilizados para recolher informa\u00e7\u00f5es sobre a utiliza\u00e7\u00e3o do Site feita pelos Utilizadores de forma an\u00f3nima, tais como: p\u00e1ginas visitadas, tempo de perman\u00eancia, origens do tr\u00e1fego de proveni\u00eancia, proveni\u00eancia geogr\u00e1fica, idade, sexo e interesses, para fins estat\u00edsticos e atividades de marketing. Estes Cookies s\u00e3o enviados a partir de dom\u00ednios de terceiros fora do Site.<\/p>\n<h3>Cookies de terceiros: Estat\u00edsticos<\/h3>\n<p>Este Site utiliza Cookies estat\u00edsticos para realizar um servi\u00e7o de monitoriza\u00e7\u00e3o de convers\u00f5es para recolher informa\u00e7\u00f5es, de forma agregada, sobre os Utilizadores e a forma como estes visitam este Site. \u00c9 poss\u00edvel impedir a instala\u00e7\u00e3o de cookies por parte do Site do Respons\u00e1vel pelo Tratamento a qualquer altura, atrav\u00e9s de uma defini\u00e7\u00e3o correspondente no browser utilizado, opondo-se assim permanentemente \u00e0 instala\u00e7\u00e3o de cookies.<\/p>\n<h2>Cookies de defini\u00e7\u00e3o de perfis<\/h2>\n<p>Os Cookies de defini\u00e7\u00e3o de perfis s\u00e3o utilizados para criar um perfil de Utilizador baseado nas prefer\u00eancias e gostos manifestados pelo mesmo durante a navega\u00e7\u00e3o na Internet, e para lhe apresentar mensagens publicit\u00e1rias coerentes com o seu perfil. Desta forma, as mensagens publicit\u00e1rias que o Utilizador visualiza neste Site podem ser mais interessantes para o mesmo. Conforme previsto pela norma em vigor, para a instala\u00e7\u00e3o destes Cookies \u00e9 necess\u00e1rio o consentimento pr\u00e9vio.<\/p>\n<h2>Eliminar ou desativar Cookies<\/h2>\n<p>\u00c0 exce\u00e7\u00e3o dos Cookies t\u00e9cnicos estritamente necess\u00e1rios para uma navega\u00e7\u00e3o normal, o fornecimento de Dados \u00e9 deixado ao crit\u00e9rio do Utilizador que decide navegar no Site depois de ler a breve informa\u00e7\u00e3o contida no banner relevante e utilizar servi\u00e7os de terceiros que envolvem a instala\u00e7\u00e3o de Cookies. Assim, o Utilizador pode evitar a instala\u00e7\u00e3o de Cookies mantendo o banner ou atrav\u00e9s das fun\u00e7\u00f5es apropriadas dispon\u00edveis no seu browser ou nesta pol\u00edtica. O Utilizador pode gerir as suas prefer\u00eancias de Cookies diretamente a partir do seu browser e impedir que terceiros possam instalar cookies.<br \/>\n\u00c9 importante que o Utilizador esteja ciente de que, ao desativar todos os Cookies, o funcionamento deste Site pode ser comprometido.<br \/>\nCada browser apresente procedimentos diferentes para a gest\u00e3o das defini\u00e7\u00f5es.<br \/>\nO Utilizador pode obter instru\u00e7\u00f5es espec\u00edficas atrav\u00e9s dos links abaixo.<\/p>\n<p>Eliminar\/desativar os cookies com Android atrav\u00e9s do seguinte endere\u00e7o:<br \/>\n<a href=\"https:\/\/support.google.com\/chrome\/answer\/2392971?hl=en\" target=\"_blank\" rel=\"noopener\">https:\/\/support.google.com\/chrome\/answer\/2392971?hl=en<\/a><\/p>\n<p>Eliminar\/desativar os cookies com Mozilla Firefox atrav\u00e9s do seguinte endere\u00e7o:<br \/>\n<a href=\"http:\/\/support.mozilla.org\/en-US\/kb\/Delete%20cookies\" target=\"_blank\" rel=\"noopener\">http:\/\/support.mozilla.org\/en-US\/kb\/Delete%20cookies<\/a><\/p>\n<p>Eliminar\/desativar os cookies com Explorer atrav\u00e9s do seguinte endere\u00e7o:<br \/>\n<a href=\"http:\/\/windows.microsoft.com\/en-US\/windows-vista\/Delete-your-Internet-cookies\" target=\"_blank\" rel=\"noopener\">http:\/\/windows.microsoft.com\/en-US\/windows-vista\/Delete-your-Internet-cookies<\/a><\/p>\n<p>Eliminar\/desativar os cookies com Chrome atrav\u00e9s do seguinte endere\u00e7o:<br \/>\n<a href=\"http:\/\/support.google.com\/chrome\/bin\/answer.py?hl=en&amp;answer=95647\" target=\"_blank\" rel=\"noopener\">http:\/\/support.google.com\/chrome\/bin\/answer.py?hl=en&amp;answer=95647<\/a><\/p>\n<p>Eliminar\/desativar os cookies com Safari atrav\u00e9s do seguinte endere\u00e7o:<br \/>\n<a href=\"http:\/\/support.apple.com\/kb\/PH5042\" target=\"_blank\" rel=\"noopener\">http:\/\/support.apple.com\/kb\/PH5042<\/a><\/p>\n<p>Eliminar\/desativar os cookies com Opera atrav\u00e9s do seguinte endere\u00e7o:<br \/>\n<a href=\"http:\/\/www.opera.com\/browser\/tutorials\/security\/privacy\/\" target=\"_blank\" rel=\"noopener\">http:\/\/www.opera.com\/browser\/tutorials\/security\/privacy\/<\/a><\/p>\n<p>Eliminar\/desativar os cookies com iOS atrav\u00e9s do seguinte endere\u00e7o:<br \/>\n<a href=\"https:\/\/support.apple.com\/en-us\/HT201265\" target=\"_blank\" rel=\"noopener\">https:\/\/support.apple.com\/en-us\/HT201265<\/a><\/p>\n<p>Para desabilitar os Cookies de terceiros, \u00e9 tamb\u00e9m poss\u00edvel utilizar Your Online Choices, <a href=\"http:\/\/www.youronlinechoices.com\" target=\"_blank\" rel=\"noopener\">http:\/\/www.youronlinechoices.com<\/a>, um servi\u00e7o Web gerido pela associa\u00e7\u00e3o sem fins lucrativos European Interactive Digital Advertising Alliance (EDAA), que fornece informa\u00e7\u00f5es sobre publicidade comportamental baseada em Cookies de defini\u00e7\u00e3o de perfis e permite que os utilizadores se oponham facilmente (opt-out) \u00e0 sua instala\u00e7\u00e3o. Ao eliminar todos os Cookies do seu browser ou ao remov\u00ea-los atrav\u00e9s de servi\u00e7os como Your Online Choices, estes, se forem de terceiros, ser\u00e3o inibidos de uma forma geral e n\u00e3o apenas dentro do per\u00edmetro deste site.<\/p>\n<h2>Outras informa\u00e7\u00f5es sobre o tratamento<\/h2>\n<p>A pedido do Utilizador, al\u00e9m das informa\u00e7\u00f5es contidas na presente Pol\u00edtica de Cookies, este Site pode fornecer Informa\u00e7\u00f5es adicionais e contextuais relativas a servi\u00e7os espec\u00edficos ou \u00e0 recolha e tratamento de Dados Pessoais.<br \/>\nPara efeitos de funcionamento e manuten\u00e7\u00e3o, este Site e quaisquer servi\u00e7os de terceiros por este utilizados podem recolher Logs do sistema, ou seja, ficheiros que registam as intera\u00e7\u00f5es e que tamb\u00e9m podem conter Dados Pessoais. A qualquer momento podem ser solicitadas mais informa\u00e7\u00f5es sobre o tratamento de Dados Pessoais ao Respons\u00e1vel pelo Tratamento de Dados, utilizando as informa\u00e7\u00f5es de contacto.<\/p>\n<h2>Exerc\u00edcio dos direitos do titular<\/h2>\n<p>Nos termos dos artigos 15.\u00ba-22.\u00ba do Regulamento Europeu n.\u00ba 679\/2016, o titular tem o direito a obter a confirma\u00e7\u00e3o da exist\u00eancia de dados pessoais que lhe digam respeito, mesmo que ainda n\u00e3o tenham sido registados, e \u00e0 sua comunica\u00e7\u00e3o de forma intelig\u00edvel. O titular tem o direito de obter a indica\u00e7\u00e3o: a) da origem dos dados pessoais;<br \/>\nb) das finalidades e dos m\u00e9todos do tratamento; c) da l\u00f3gica aplicada em caso de tratamento efetuado com a ajuda de instrumentos eletr\u00f3nicos; d) dos dados de identifica\u00e7\u00e3o do Respons\u00e1vel pelo Tratamento e dos Encarregados do Tratamento dos Dados Pessoais;<br \/>\ne) dos sujeitos ou as categorias de sujeitos aos quais os Dados Pessoais podem ser comunicados ou que podem tomar conhecimento dos mesmos na qualidade de representante designado no territ\u00f3rio do Estado, de respons\u00e1vel pelo tratamento ou de encarregado do tratamento; f) a atualiza\u00e7\u00e3o, a retifica\u00e7\u00e3o ou, se for caso disso, o completamento dos Dados; g) o apagamento, a anonimiza\u00e7\u00e3o ou o bloqueio dos dados tratados em viola\u00e7\u00e3o da lei, incluindo os dados cuja conserva\u00e7\u00e3o n\u00e3o \u00e9 necess\u00e1ria em rela\u00e7\u00e3o \u00e0s finalidades para as quais os dados foram recolhidos ou posteriormente tratados.<\/p>\n<h2>Respons\u00e1vel pelo Tratamento<\/h2>\n<p>O Respons\u00e1vel pelo Tratamento dos Dados recolhidos por este Site \u00e9 a Grasselli S.p.A. com sede legal em via S. D&#8217;acquisto, 2\/c &#8211; 42020 Albinea (RE) email: <a href=\"mailto:info@grasselli.com\">info@grasselli.com<\/a>.<\/p>\n<p style=\"text-align: right;\"><em>Pol\u00edtica de Cookies atualizada em junho de 2023.<\/em><\/p>\n<\/div>","protected":false},"excerpt":{"rendered":"<p>POL\u00cdTICA DE COOKIES A presente Pol\u00edtica de Cookies refere-se \u00e0 utiliza\u00e7\u00e3o de Cookies por parte do Site grasselli.com Para a Pol\u00edtica de privacidade do Site, \u00e9 poss\u00edvel clicar aqui. Os Cookies s\u00e3o pequenos ficheiros de texto que podem ser utilizados pelos Sites para tornar a experi\u00eancia do Utilizador mais eficiente e s\u00e3o enviados para o [&hellip;]<\/p>\n","protected":false},"author":1,"featured_media":0,"parent":0,"menu_order":0,"comment_status":"closed","ping_status":"closed","template":"","meta":{"_acf_changed":false,"footnotes":""},"class_list":["post-6412","page","type-page","status-publish","hentry"],"translation":{"provider":"WPGlobus","version":"3.0.0","language":"pt","enabled_languages":["en","it","ru","es","de","fr","pt","zh"],"languages":{"en":{"title":true,"content":true,"excerpt":false},"it":{"title":true,"content":true,"excerpt":false},"ru":{"title":true,"content":true,"excerpt":false},"es":{"title":true,"content":true,"excerpt":false},"de":{"title":true,"content":true,"excerpt":false},"fr":{"title":true,"content":true,"excerpt":false},"pt":{"title":true,"content":true,"excerpt":false},"zh":{"title":false,"content":false,"excerpt":false}}},"acf":[],"_links":{"self":[{"href":"https:\/\/www.grasselli.com\/pt\/wp-json\/wp\/v2\/pages\/6412"}],"collection":[{"href":"https:\/\/www.grasselli.com\/pt\/wp-json\/wp\/v2\/pages"}],"about":[{"href":"https:\/\/www.grasselli.com\/pt\/wp-json\/wp\/v2\/types\/page"}],"author":[{"embeddable":true,"href":"https:\/\/www.grasselli.com\/pt\/wp-json\/wp\/v2\/users\/1"}],"replies":[{"embeddable":true,"href":"https:\/\/www.grasselli.com\/pt\/wp-json\/wp\/v2\/comments?post=6412"}],"version-history":[{"count":7,"href":"https:\/\/www.grasselli.com\/pt\/wp-json\/wp\/v2\/pages\/6412\/revisions"}],"predecessor-version":[{"id":7379,"href":"https:\/\/www.grasselli.com\/pt\/wp-json\/wp\/v2\/pages\/6412\/revisions\/7379"}],"wp:attachment":[{"href":"https:\/\/www.grasselli.com\/pt\/wp-json\/wp\/v2\/media?parent=6412"}],"curies":[{"name":"wp","href":"https:\/\/api.w.org\/{rel}","templated":true}]}}