{"id":248,"date":"2018-03-14T00:31:37","date_gmt":"2018-03-13T23:31:37","guid":{"rendered":"https:\/\/www.grasselli.com\/?page_id=248"},"modified":"2018-10-16T13:06:12","modified_gmt":"2018-10-16T11:06:12","slug":"dealers-network","status":"publish","type":"page","link":"https:\/\/www.grasselli.com\/pt\/dealers-network\/","title":{"rendered":"Rede de distribuidores"},"content":{"rendered":"<div id=\"modal-ready\"><p>A rede mundial de distribuidores e parceiros da Grasselli opera em mais de 50 pa\u00edses, oferecendo novas solu\u00e7\u00f5es para atender a todas as demandas do mercado de processamento de carnes.<\/p>\n<\/div>","protected":false},"excerpt":{"rendered":"<p>A rede mundial de distribuidores e parceiros da Grasselli opera em mais de 50 pa\u00edses, oferecendo novas solu\u00e7\u00f5es para atender a todas as demandas do mercado de processamento de carnes.<\/p>\n","protected":false},"author":1,"featured_media":0,"parent":0,"menu_order":0,"comment_status":"closed","ping_status":"closed","template":"","meta":{"_acf_changed":false,"footnotes":""},"class_list":["post-248","page","type-page","status-publish","hentry"],"translation":{"provider":"WPGlobus","version":"3.0.0","language":"pt","enabled_languages":["en","it","ru","es","de","fr","pt","zh"],"languages":{"en":{"title":true,"content":true,"excerpt":false},"it":{"title":true,"content":true,"excerpt":false},"ru":{"title":true,"content":true,"excerpt":false},"es":{"title":false,"content":false,"excerpt":false},"de":{"title":false,"content":false,"excerpt":false},"fr":{"title":false,"content":false,"excerpt":false},"pt":{"title":true,"content":true,"excerpt":false},"zh":{"title":true,"content":true,"excerpt":false}}},"acf":[],"_links":{"self":[{"href":"https:\/\/www.grasselli.com\/pt\/wp-json\/wp\/v2\/pages\/248"}],"collection":[{"href":"https:\/\/www.grasselli.com\/pt\/wp-json\/wp\/v2\/pages"}],"about":[{"href":"https:\/\/www.grasselli.com\/pt\/wp-json\/wp\/v2\/types\/page"}],"author":[{"embeddable":true,"href":"https:\/\/www.grasselli.com\/pt\/wp-json\/wp\/v2\/users\/1"}],"replies":[{"embeddable":true,"href":"https:\/\/www.grasselli.com\/pt\/wp-json\/wp\/v2\/comments?post=248"}],"version-history":[{"count":1,"href":"https:\/\/www.grasselli.com\/pt\/wp-json\/wp\/v2\/pages\/248\/revisions"}],"predecessor-version":[{"id":7087,"href":"https:\/\/www.grasselli.com\/pt\/wp-json\/wp\/v2\/pages\/248\/revisions\/7087"}],"wp:attachment":[{"href":"https:\/\/www.grasselli.com\/pt\/wp-json\/wp\/v2\/media?parent=248"}],"curies":[{"name":"wp","href":"https:\/\/api.w.org\/{rel}","templated":true}]}}