{"id":2557,"date":"2018-07-06T10:50:13","date_gmt":"2018-07-06T08:50:13","guid":{"rendered":"https:\/\/www.grasselli.com\/?page_id=2557"},"modified":"2023-07-17T14:20:27","modified_gmt":"2023-07-17T12:20:27","slug":"privacy","status":"publish","type":"page","link":"https:\/\/www.grasselli.com\/it\/privacy\/","title":{"rendered":"Privacy Policy"},"content":{"rendered":"<div id=\"modal-ready\"><h1>PRIVACY POLICY<\/h1>\n<p>Questa Privacy Policy \u00e8 resa ai sensi dell\u2019art. 13 del Regolamento Europeo n. 679\/2016 e si applica esclusivamente a tutti i Dati raccolti attraverso il Sito web grasselli.com. La presente Privacy Policy \u00e8 soggetta ad aggiornamenti che verranno pubblicati puntualmente sul Sito web. La presente Privacy Policy e la <a href=\"https:\/\/www.grasselli.com\/it\/cookie\/\" target=\"_blank\" rel=\"noopener\">Cookie Policy<\/a>, stabiliscono le basi sulle quali verranno elaborati i Dati personali dell\u2019Interessato.<\/p>\n<h2>Titolare del Trattamento<\/h2>\n<p>Il Titolare del Trattamento dei Dati raccolti da questo Sito web \u00e8 Grasselli S.p.A. con sede legale in via S. D&#8217;acquisto, 2\/c &#8211; 42020 Albinea (RE) email: <a href=\"mailto:info@grasselli.com\">info@grasselli.com<\/a>.<\/p>\n<h2>Dati Personali<\/h2>\n<p>Per Dato Personale si intende qualsiasi informazione riguardante una persona fisica identificata o identificabile (Interessato). Si considera identificabile la persona fisica che pu\u00f2 essere identificata, direttamente o indirettamente, con particolare riferimento a un identificativo come il nome, un numero di identificazione, dati relativi all\u2019ubicazione, un identificativo on-line, uno o pi\u00f9 elementi caratteristici della sua identit\u00e0 fisica.<\/p>\n<h2>Categoria di Dati Personali trattati<\/h2>\n<p>Tra i Dati Personali trattati da questo Sito web, in modo autonomo o tramite terze parti, ci sono Dati Comuni quali: Cookie, Dati di utilizzo, dati di contatto inclusi nome, e-mail, numero di telefono.<\/p>\n<h3>Modalit\u00e0 di Trattamento dei Dati Personali<\/h3>\n<p>I Dati Personali forniti o acquisiti saranno oggetto di Trattamento improntato ai principi di correttezza, liceit\u00e0, trasparenza e di tutela della riservatezza ai sensi delle vigenti normative. Il Titolare tratta i Dati Personali degli Utenti adottando le opportune misure di sicurezza volte ad impedire l\u2019accesso, la divulgazione, la modifica o la distruzione non autorizzate dei Dati Personali. Il Trattamento viene effettuato mediante strumenti informatici e\/o telematici, con modalit\u00e0 organizzative e con logiche strettamente correlate alle finalit\u00e0 indicate.<\/p>\n<h2>Finalit\u00e0 del Trattamento dei Dati personali e Base giuridica<\/h2>\n<p>I Dati Personali possono essere raccolti in modo autonomo dal Titolare o tramite terze parti. In questo caso i sistemi informatici e le procedure software preposte al funzionamento del presente Sito web acquisiscono alcuni Dati Personali degli Utenti, di carattere tecnico-informatico (ad es. l\u2019indirizzo IP, il tipo di browser utilizzato, il sistema operativo, il nome di dominio e gli indirizzi di siti web dai quali \u00e8 stato effettuato l\u2019accesso o l\u2019uscita, ecc.), la trasmissione dei quali \u00e8 connaturata al normale funzionamento di internet. Tali Dati potranno essere trattati al solo fine di ricavare informazioni statistiche anonime sull\u2019uso del sito e\/o per controllarne il corretto funzionamento e saranno cancellati immediatamente dopo l\u2019elaborazione.<br \/>\nI Dati che l\u2019Interessato sceglie di fornire spontaneamente saranno oggetto di trattamento nel rispetto delle condizioni di liceit\u00e0 ex art. 6 GDPR e saranno trattati per consentire al Sito web di fornire i propri servizi, cos\u00ec come per le Finalit\u00e0 di seguito indicate e saranno conservati per il tempo necessario all\u2019adempimento delle suddette Finalit\u00e0.<br \/>\nLe Finalit\u00e0 del trattamento sono:<\/p>\n<p>1. <strong>Rispondere alle richieste e fornire Informazioni<\/strong><br \/>\nI Dati saranno trattati al fine di essere ricontattati o dar seguito alle specifiche richieste rivolte al Titolare dall\u2019Interessato per comunicazioni di natura relativamente ai Servizi e\/o Contenuti dello stesso Titolare, tramite messaggi di posta elettronica o altri strumenti di comunicazione quali telefono.<br \/>\n<span style=\"text-decoration: underline;\">Base giuridica<\/span>: questo trattamento \u00e8 facoltativo e basato sul consenso dell\u2019Interessato, tuttavia il conferimento dei Dati \u00e8 necessario per il perseguimento della finalit\u00e0 indicata.<br \/>\n<span style=\"text-decoration: underline;\">Periodo di conservazione dei dati<\/span>: sino a revoca del consenso da parte dell\u2019Interessato.<br \/>\n2. <strong>Informazioni e adempimenti precontrattuali<\/strong><br \/>\nI Dati saranno trattati al fine di essere ricontattati o dar seguito alle specifiche richieste rivolte al Titolare dall\u2019Interessato per comunicazioni di natura tramite messaggi di posta elettronica o compilazione di altri strumenti di comunicazione quali ad esempio form contatto.<br \/>\n<span style=\"text-decoration: underline;\">Base giuridica<\/span>: questo trattamento \u00e8 facoltativo e basato sul consenso dell\u2019Interessato, tuttavia il conferimento dei Dati \u00e8 necessario per il perseguimento della finalit\u00e0 indicata.<br \/>\n<span style=\"text-decoration: underline;\">Periodo di conservazione dei dati<\/span>: sino a revoca del consenso da parte dell\u2019Interessato.<br \/>\n3. <strong>Statistica<\/strong><br \/>\nI Dati saranno trattati per effettuare analisi statistiche su dati aggregati e anonimi per analizzare i comportamenti dell\u2019Interessato per migliorare i prodotti e i servizi forniti dal Titolare nonch\u00e9 soddisfare le aspettative dell\u2019Interessato stesso.<br \/>\n<span style=\"text-decoration: underline;\">Base giuridica<\/span>: questo trattamento \u00e8 basato sul consenso liberamente espresso dall\u2019Interessato.<br \/>\n<span style=\"text-decoration: underline;\">Periodo di conservazione dei dati<\/span>: sino a revoca del consenso da parte dell\u2019Interessato.<br \/>\n4. <strong>Work with us<\/strong><br \/>\nI Dati saranno trattati al fine di essere ricontattati o dar seguito alle specifiche richieste di candidatura spontanea e\/o per una determinata posizione lavorativa rivolte al Titolare dall\u2019Interessato<br \/>\n<span style=\"text-decoration: underline;\">Base giuridica<\/span>: questo trattamento \u00e8 facoltativo e basato sul consenso dell\u2019Interessato, tuttavia il conferimento dei Dati \u00e8 necessario per il perseguimento della finalit\u00e0 indicata.<br \/>\n<span style=\"text-decoration: underline;\">Periodo di conservazione dei dati<\/span>: sino a revoca del consenso da parte dell\u2019Interessato.<\/p>\n<h2>Comunicazione dei Dati<\/h2>\n<p>Oltre al Titolare, in alcuni casi, potrebbero avere accesso ai Dati:<br \/>\na) categorie di Incaricati a ci\u00f2 appositamente formati coinvolti nell\u2019organizzazione del Sito web (personale amministrativo, commerciale, marketing, legali, amministratori di sistema);<br \/>\nb) soggetti esterni (come fornitori di servizi tecnici terzi, hosting provider, societ\u00e0 informatiche, agenzie di comunicazione) nominati anche Responsabili del Trattamento da parte del Titolare ex art. 28 GDPR. L&#8217;elenco aggiornato dei Responsabili, se nominati, potr\u00e0 sempre essere richiesto al Titolare del Trattamento;<br \/>\nc) soggetti pubblici o privati che possono accedere ai Dati in osservanza di obblighi di legge;<br \/>\nd) soggetti che svolgono compiti accessori e strumentali rispetto all\u2019attivit\u00e0 del Titolare;<\/p>\n<h2>Tempi del Trattamento<\/h2>\n<p>Cos\u00ec come espressamente previsto dall\u2019art. 5, co. 1, lett. e) del GDPR, i Dati sono conservati per il tempo necessario al Trattamento degli stessi in relazione allo svolgimento del servizio richiesto dall\u2019 Interessato, o richiesto dalle Finalit\u00e0 sopra descritte in questo documento.<br \/>\nAl termine del periodo di conservazione i Dati Personali saranno cancellati e pertanto, non potranno pi\u00f9 essere esercitati i diritti di accesso, cancellazione, rettificazione e portabilit\u00e0 dei Dati<\/p>\n<h2>Cookie<\/h2>\n<p>Questo Sito web utilizza i cookie. I cookie sono piccoli file di testo che possono essere utilizzati dai siti web per rendere pi\u00f9 efficiente l&#8217;esperienza per l&#8217;Interessato e per personalizzare contenuti e gli annunci, fornire le funzioni dei social network e analizzare il traffico.<br \/>\n<a href=\"https:\/\/www.grasselli.com\/it\/cookie\/\" target=\"_blank\" rel=\"noopener\">Cookie Policy<\/a><\/p>\n<h2>Luogo del Trattamento e trasferimento dei Dati all\u2019estero<\/h2>\n<p>I Dati sono trattati presso la sede operativa del Titolare. Per ulteriori informazioni si pu\u00f2 contattare il Titolare del Trattamento. I Dati potranno essere trattati da persone fisiche e\/o soggetti giuridici operanti per conto del Titolare e in forza di specifici vincoli contrattuali e aventi sede in Paesi membri UE o extra UE. Nel caso in cui i Dati vengano trasferiti al di fuori del SEE, il Titolare adotter\u00e0 ogni misura contrattuale idonea a garantire un\u2019adeguata protezione dei Dati.<\/p>\n<h2>Esercizio dei diritti dell&#8217;interessato<\/h2>\n<p>L\u2019Interessato ha diritto di esercitare le facolt\u00e0 previste agli artt. 7, 15-22 del Reg. Europeo 679\/2016. In particolare, ha diritto di revocare il proprio consenso in qualsiasi momento e, dietro semplice richiesta al Titolare del Trattamento, potr\u00e0 chiedere l\u2019accesso ai Dati Personali, ricevere i Dati personali forniti al Titolare e ove possibile trasmetterli ad un altro Titolare del trattamento senza impedimenti (c.d. portabilit\u00e0), ottenere l\u2019aggiornamento, la limitazione del trattamento, la rettificazione dei Dati e la cancellazione di quelli trattati in difformit\u00e0 dalla normativa vigente. Ha diritto, per motivi legittimi, di opporsi al Trattamento dei Dati Personali che lo riguardano ed al Trattamento per fini di invio di materiale pubblicitario, di vendita diretta e per il compimento di ricerche di mercato. Ha altres\u00ec diritto a proporre reclamo al Garante della Privacy quale autorit\u00e0 di controllo in materia di protezione dei dati personali o di adire le opportune sedi giudiziarie. L\u2019interessato potr\u00e0 esercitare i suoi diritti contattando il Titolare a mezzo e-mail all\u2019indirizzo: <a href=\"mailto:info@grasselli.com\">info@grasselli.com<\/a><\/p>\n<h2>Strumenti utilizzati per il Trattamento dei Dati Personali<\/h2>\n<p><strong>CONTACT FORM<\/strong><br \/>\nL\u2019Interessato, compilando con i propri Dati il Form di contatto, acconsente al loro utilizzo per rispondere alle richieste di informazioni, o di qualunque altra finalit\u00e0 indicata dall&#8217;intestazione del modulo. Dati Personali raccolti mediante Form di contatto: Email, Nome e Cognome<\/p>\n<p><strong>GESTIONE INDIRIZZI EMAIL<\/strong><br \/>\nQuesti servizi consentono di gestire un database di contatti email, contatti telefonici o contatti di qualunque altro tipo, utilizzati per comunicare con l\u2019Interessato. Questi servizi potrebbero inoltre consentire di raccogliere Dati relativi alla data e all\u2019ora di visualizzazione dei messaggi da parte dell&#8217;Interessato, cos\u00ec come all&#8217;interazione dell\u2019Interessato con essi, come le informazioni sui click sui collegamenti inseriti nei messaggi.<\/p>\n<p><strong>STATISTICA<\/strong><br \/>\nI servizi di statistica permettono al Titolare del Trattamento esclusivamente di monitorare e analizzare i dati di traffico e servono a tener traccia del comportamento dell\u2019Interessato.<\/p>\n<p><strong>INTERAZIONE CON I SOCIAL NETWORK<\/strong><br \/>\nQuesti servizi permettono di effettuare interazioni con i social network direttamente dalle pagine di questo Sito web. Le interazioni e le informazioni acquisite da questo Sito web sono in ogni caso soggette alle impostazioni privacy dell\u2019Interessato relative ad ogni social network. Nel caso in cui sia installato un servizio di interazione con i social network, \u00e8 possibile che, anche nel caso gli Utenti non utilizzino il servizio, lo stesso raccolga dati di traffico relativi alle pagine in cui \u00e8 installato.<\/p>\n<h2>Modifiche a questa Privacy Policy<\/h2>\n<p>Il Titolare del Trattamento si riserva il diritto di apportare modifiche alla presente Privacy Policy in qualunque momento dandone pubblicit\u00e0 agli Utenti su questa pagina. Si prega dunque di consultare spesso questa pagina, prendendo come riferimento la data di ultima modifica indicata in fondo. Nel caso di mancata accettazione delle modifiche apportate alla presente Privacy Policy, l\u2019Interessato \u00e8 tenuto a cessare l\u2019utilizzo di questo Sito web e pu\u00f2 richiedere al Titolare del Trattamento di rimuovere i propri Dati Personali. Salvo quanto diversamente specificato, la precedente Privacy Policy continuer\u00e0 ad applicarsi ai Dati Personali sino a quel momento raccolti.<\/p>\n<p style=\"text-align: right;\"><em>Updated Privacy Policy as of June 2023.<\/em><\/p>\n<\/div>","protected":false},"excerpt":{"rendered":"<p>PRIVACY POLICY Questa Privacy Policy \u00e8 resa ai sensi dell\u2019art. 13 del Regolamento Europeo n. 679\/2016 e si applica esclusivamente a tutti i Dati raccolti attraverso il Sito web grasselli.com. La presente Privacy Policy \u00e8 soggetta ad aggiornamenti che verranno pubblicati puntualmente sul Sito web. La presente Privacy Policy e la Cookie Policy, stabiliscono le [&hellip;]<\/p>\n","protected":false},"author":2,"featured_media":0,"parent":0,"menu_order":0,"comment_status":"closed","ping_status":"closed","template":"","meta":{"_acf_changed":false,"footnotes":""},"class_list":["post-2557","page","type-page","status-publish","hentry"],"translation":{"provider":"WPGlobus","version":"3.0.0","language":"it","enabled_languages":["en","it","ru","es","de","fr","pt","zh"],"languages":{"en":{"title":true,"content":true,"excerpt":false},"it":{"title":true,"content":true,"excerpt":false},"ru":{"title":true,"content":true,"excerpt":false},"es":{"title":true,"content":true,"excerpt":false},"de":{"title":true,"content":true,"excerpt":false},"fr":{"title":true,"content":true,"excerpt":false},"pt":{"title":true,"content":true,"excerpt":false},"zh":{"title":false,"content":false,"excerpt":false}}},"acf":[],"_links":{"self":[{"href":"https:\/\/www.grasselli.com\/it\/wp-json\/wp\/v2\/pages\/2557"}],"collection":[{"href":"https:\/\/www.grasselli.com\/it\/wp-json\/wp\/v2\/pages"}],"about":[{"href":"https:\/\/www.grasselli.com\/it\/wp-json\/wp\/v2\/types\/page"}],"author":[{"embeddable":true,"href":"https:\/\/www.grasselli.com\/it\/wp-json\/wp\/v2\/users\/2"}],"replies":[{"embeddable":true,"href":"https:\/\/www.grasselli.com\/it\/wp-json\/wp\/v2\/comments?post=2557"}],"version-history":[{"count":7,"href":"https:\/\/www.grasselli.com\/it\/wp-json\/wp\/v2\/pages\/2557\/revisions"}],"predecessor-version":[{"id":7505,"href":"https:\/\/www.grasselli.com\/it\/wp-json\/wp\/v2\/pages\/2557\/revisions\/7505"}],"wp:attachment":[{"href":"https:\/\/www.grasselli.com\/it\/wp-json\/wp\/v2\/media?parent=2557"}],"curies":[{"name":"wp","href":"https:\/\/api.w.org\/{rel}","templated":true}]}}