{"id":67,"date":"2018-03-06T22:44:04","date_gmt":"2018-03-06T21:44:04","guid":{"rendered":"https:\/\/www.grasselli.com\/?page_id=67"},"modified":"2023-04-27T12:03:14","modified_gmt":"2023-04-27T10:03:14","slug":"about-us","status":"publish","type":"page","link":"https:\/\/www.grasselli.com\/fr\/about-us\/","title":{"rendered":"\u00c0 PROPOS DE NOUS"},"content":{"rendered":"<div id=\"modal-ready\"><div class=\"higlight\">\n<p><span style=\"color: #000080;\"><strong><span style=\"color: #003366;\">Les d\u00e9buts<\/span> <\/strong><\/span><\/p>\n<p>Grasselli voit le jour en <strong>1974<\/strong>, fruit de l\u2019intuition de son fondateur, Giorgio Grasselli. La premi\u00e8re d\u00e9couenneuse est r\u00e9alis\u00e9e la m\u00eame ann\u00e9e. Quelques mois plus tard, l\u2019entreprise est d\u00e9j\u00e0 \u00e0 l\u2019\u0153uvre \u00e0 l\u2019international.<\/p>\n<p><span style=\"color: #003366;\"><strong>Les ann\u00e9es 90<\/strong><\/span><\/p>\n<p>En <strong>1993,<\/strong> Grasselli inaugure une nouvelle ligne de production et lance sa premi\u00e8re trancheuse industrielle. Les premiers mod\u00e8les offrent d\u00e9j\u00e0 des niveaux \u00e9lev\u00e9s de prestation dans le secteur.<\/p>\n<p><span style=\"color: #003366;\"><strong>Le nouveau mill\u00e9naire<\/strong><\/span><\/p>\n<p>Dans les ann\u00e9es <strong>2000<\/strong>, le succ\u00e8s remport\u00e9 en Europe et aux \u00c9tats-Unis marque un nouveau parcours. Les efforts de l\u2019entreprise se cimentent sur deux lignes de produits (<strong>trancheuses <\/strong>et<strong> \u00e9plucheuses de membranes<\/strong>), mus par la conviction de devoir concevoir, r\u00e9aliser et distribuer dans le monde entier des solutions encore plus avanc\u00e9es, s\u00fbres et \u00e0 haut rendement pour la coupe de la viande.<\/p>\n<div class=\"citz\">\n<p><span style=\"color: #003366;\"><strong>Vers l\u2019avenir<\/strong><\/span><\/p>\n<p>La gamme de produits Grasselli est d\u00e9sormais remarquablement agrandie, et comprend m\u00eame un \u00e9ventail riche de solutions pour la coupe, le portionnement et le d\u00e9couennage des viandes. Des solutions \u00e9tudi\u00e9es et r\u00e9alis\u00e9es pour r\u00e9pondre aux exigences des aliments li\u00e9es aux standards qualit\u00e9 les plus \u00e9lev\u00e9s sur le march\u00e9.<\/p>\n<\/div>\n<p><video controls=\"controls\" width=\"100%\" height=\"480\"><source src=\"[site-url]\/videos\/Grasselli_company_video.mp4\" type=\"video\/mp4\" \/>Your browser does not support the video tag.<\/video><\/p>\n<\/div>\n<div class=\"row big\">\n<div class=\"col col-md-6 mini\">\n<h4>Rendements \u00e9lev\u00e9s<\/h4>\n<p>La technologie est fondamentale pour faire face \u00e0 la demande de produits toujours meilleurs en termes d\u2019uniformit\u00e9, qualit\u00e9 et dur\u00e9e sur l\u2019\u00e9tag\u00e8re. Grasselli offre\u00a0: <strong>des volumes plus importants<\/strong>, <strong>des processus\u00a0<\/strong><strong>plus rapides <\/strong>et<strong> des coupes plus pr\u00e9cises.<\/strong> Pour r\u00e9duire le gaspillage et amener la performance \u00e0 un niveau maximum.<\/p>\n<\/div>\n<div class=\"col col-md-6 mini\">\n<h4>S\u00e9curit\u00e9<\/h4>\n<p>Les solutions Grasselli permettent d\u2019<strong>\u00e9liminer <\/strong><strong>les op\u00e9rations manuelles dangereuses<\/strong>, afin de r\u00e9duire les risques d\u2019accident sur le travail. Nous sommes la seule entreprise du secteur se pr\u00e9valant d\u2019une exp\u00e9rience aussi longue dans les syst\u00e8mes de s\u00e9curit\u00e9, lesquels sont brevet\u00e9s au niveau international. Comme le syst\u00e8me de s\u00e9curit\u00e9 CLO, en mesure de neutraliser le risque d\u2019accident et d\u2019amener la performance \u00e0 un niveau maximum.<\/p>\n<\/div>\n<div class=\"col col-md-6 mini\">\n<h4>Fiabilit\u00e9<\/h4>\n<p>Toutes les machines de la gamme de syst\u00e8mes de coupe, portionnement et d\u00e9couennage Grasselli sont con\u00e7ues et r\u00e9alis\u00e9es au sein de l\u2019entreprise, conform\u00e9ment aux crit\u00e8res industriels les plus rigoureux. Les <strong>mat\u00e9riaux s\u00e9lectionn\u00e9s\u00a0<\/strong>permettent de pr\u00e9voir les exigences d\u2019entretien, et de r\u00e9duire ainsi les co\u00fbts de r\u00e9paration et les risques d\u2019arr\u00eats de la machine.<\/p>\n<\/div>\n<div class=\"col col-md-6 mini\">\n<h4>Recherche<\/h4>\n<p>Regarder vers l\u2019avenir est l\u2019essence m\u00eame de notre culture d\u2019entreprise.\u00a0<strong>20 prototypes d\u00e9velopp\u00e9s au cours des 5 derni\u00e8res ann\u00e9es et plus de 25 brevets <\/strong><strong>actifs<\/strong> dans le monde entier, des dizaines de mod\u00e8les de machines \u00e0 la pointe et des services tourn\u00e9s vers la r\u00e9solution des probl\u00e8mes. Tout cela est possible gr\u00e2ce au savoir-faire technique et professionnel de notre \u00e9quipe. Car notre valeur ajout\u00e9e r\u00e9elle est dans les personnes.<\/p>\n<\/div>\n<\/div>\n<div class=\"dwnl\" style=\"font-size: 24px; text-align: center;\"><a style=\"font-size: 24px; text-align: center;\" href=\"https:\/\/www.grasselli.com\/wp-content\/uploads\/2018\/08\/GRASSELLI_COMPANY_PROFILE_ENG.pdf\">Download Company Profile<\/a><\/div>\n<\/div>","protected":false},"excerpt":{"rendered":"<p>Les d\u00e9buts Grasselli voit le jour en 1974, fruit de l\u2019intuition de son fondateur, Giorgio Grasselli. La premi\u00e8re d\u00e9couenneuse est r\u00e9alis\u00e9e la m\u00eame ann\u00e9e. Quelques mois plus tard, l\u2019entreprise est d\u00e9j\u00e0 \u00e0 l\u2019\u0153uvre \u00e0 l\u2019international. Les ann\u00e9es 90 En 1993, Grasselli inaugure une nouvelle ligne de production et lance sa premi\u00e8re trancheuse industrielle. Les premiers [&hellip;]<\/p>\n","protected":false},"author":1,"featured_media":0,"parent":0,"menu_order":0,"comment_status":"closed","ping_status":"closed","template":"","meta":{"_acf_changed":false,"footnotes":""},"class_list":["post-67","page","type-page","status-publish","hentry"],"translation":{"provider":"WPGlobus","version":"3.0.0","language":"fr","enabled_languages":["en","it","ru","es","de","fr","pt","zh"],"languages":{"en":{"title":true,"content":true,"excerpt":false},"it":{"title":true,"content":true,"excerpt":false},"ru":{"title":true,"content":true,"excerpt":false},"es":{"title":true,"content":true,"excerpt":false},"de":{"title":true,"content":true,"excerpt":false},"fr":{"title":true,"content":true,"excerpt":false},"pt":{"title":true,"content":true,"excerpt":false},"zh":{"title":true,"content":true,"excerpt":false}}},"acf":[],"_links":{"self":[{"href":"https:\/\/www.grasselli.com\/fr\/wp-json\/wp\/v2\/pages\/67"}],"collection":[{"href":"https:\/\/www.grasselli.com\/fr\/wp-json\/wp\/v2\/pages"}],"about":[{"href":"https:\/\/www.grasselli.com\/fr\/wp-json\/wp\/v2\/types\/page"}],"author":[{"embeddable":true,"href":"https:\/\/www.grasselli.com\/fr\/wp-json\/wp\/v2\/users\/1"}],"replies":[{"embeddable":true,"href":"https:\/\/www.grasselli.com\/fr\/wp-json\/wp\/v2\/comments?post=67"}],"version-history":[{"count":7,"href":"https:\/\/www.grasselli.com\/fr\/wp-json\/wp\/v2\/pages\/67\/revisions"}],"predecessor-version":[{"id":7072,"href":"https:\/\/www.grasselli.com\/fr\/wp-json\/wp\/v2\/pages\/67\/revisions\/7072"}],"wp:attachment":[{"href":"https:\/\/www.grasselli.com\/fr\/wp-json\/wp\/v2\/media?parent=67"}],"curies":[{"name":"wp","href":"https:\/\/api.w.org\/{rel}","templated":true}]}}