{"id":647,"date":"2018-03-26T13:05:26","date_gmt":"2018-03-26T11:05:26","guid":{"rendered":"https:\/\/www.grasselli.com\/?page_id=647"},"modified":"2018-10-24T12:22:59","modified_gmt":"2018-10-24T10:22:59","slug":"careers","status":"publish","type":"page","link":"https:\/\/www.grasselli.com\/fr\/careers\/","title":{"rendered":"CARRI\u00c8RES"},"content":{"rendered":"<div id=\"modal-ready\"><h2>Pourquoi travailler avec nous<\/h2>\n<p>Faites partie d\u2019un contexte dynamique ayant fermement l\u2019avenir en ligne de mire. Si vous souhaitez mettre vos comp\u00e9tences et votre professionnalisme \u00e0 profit, Grasselli est l\u2019endroit o\u00f9 vous pourrez vous distinguer.<\/p>\n<ol>\n<li><strong>Vision globale<br \/>\n<\/strong>Pr\u00e9sents dans plus de 50 pays du monde et continuellement en expansion sur de nouveaux march\u00e9s.<\/li>\n<li><strong>Processus productifs complets<br \/>\n<\/strong>Production compl\u00e8tement en entreprise pour des exp\u00e9riences professionnelles stimulantes \u00e0 360 degr\u00e9s.<\/li>\n<li><strong>Les personnes avant tout<br \/>\n<\/strong>Notre force est dans l\u2019innovation, les personnes sont le moteur de notre recherche continue.<\/li>\n<\/ol>\n<\/div>","protected":false},"excerpt":{"rendered":"<p>Pourquoi travailler avec nous Faites partie d\u2019un contexte dynamique ayant fermement l\u2019avenir en ligne de mire. Si vous souhaitez mettre vos comp\u00e9tences et votre professionnalisme \u00e0 profit, Grasselli est l\u2019endroit o\u00f9 vous pourrez vous distinguer. Vision globale Pr\u00e9sents dans plus de 50 pays du monde et continuellement en expansion sur de nouveaux march\u00e9s. Processus productifs [&hellip;]<\/p>\n","protected":false},"author":1,"featured_media":1054,"parent":0,"menu_order":0,"comment_status":"closed","ping_status":"closed","template":"careers.php","meta":{"_acf_changed":false,"footnotes":""},"class_list":["post-647","page","type-page","status-publish","has-post-thumbnail","hentry"],"translation":{"provider":"WPGlobus","version":"3.0.0","language":"fr","enabled_languages":["en","it","ru","es","de","fr","pt","zh"],"languages":{"en":{"title":true,"content":true,"excerpt":false},"it":{"title":true,"content":true,"excerpt":false},"ru":{"title":true,"content":true,"excerpt":false},"es":{"title":true,"content":true,"excerpt":false},"de":{"title":true,"content":true,"excerpt":false},"fr":{"title":true,"content":true,"excerpt":false},"pt":{"title":true,"content":true,"excerpt":false},"zh":{"title":true,"content":true,"excerpt":false}}},"acf":[],"_links":{"self":[{"href":"https:\/\/www.grasselli.com\/fr\/wp-json\/wp\/v2\/pages\/647"}],"collection":[{"href":"https:\/\/www.grasselli.com\/fr\/wp-json\/wp\/v2\/pages"}],"about":[{"href":"https:\/\/www.grasselli.com\/fr\/wp-json\/wp\/v2\/types\/page"}],"author":[{"embeddable":true,"href":"https:\/\/www.grasselli.com\/fr\/wp-json\/wp\/v2\/users\/1"}],"replies":[{"embeddable":true,"href":"https:\/\/www.grasselli.com\/fr\/wp-json\/wp\/v2\/comments?post=647"}],"version-history":[{"count":1,"href":"https:\/\/www.grasselli.com\/fr\/wp-json\/wp\/v2\/pages\/647\/revisions"}],"predecessor-version":[{"id":6918,"href":"https:\/\/www.grasselli.com\/fr\/wp-json\/wp\/v2\/pages\/647\/revisions\/6918"}],"wp:featuredmedia":[{"embeddable":true,"href":"https:\/\/www.grasselli.com\/fr\/wp-json\/wp\/v2\/media\/1054"}],"wp:attachment":[{"href":"https:\/\/www.grasselli.com\/fr\/wp-json\/wp\/v2\/media?parent=647"}],"curies":[{"name":"wp","href":"https:\/\/api.w.org\/{rel}","templated":true}]}}