{"id":6412,"date":"2023-07-17T10:52:18","date_gmt":"2023-07-17T08:52:18","guid":{"rendered":"https:\/\/www.grasselli.com\/?page_id=6412"},"modified":"2023-07-17T12:05:37","modified_gmt":"2023-07-17T10:05:37","slug":"cookie","status":"publish","type":"page","link":"https:\/\/www.grasselli.com\/fr\/cookie\/","title":{"rendered":"Politique en mati\u00e8re de cookies"},"content":{"rendered":"<div id=\"modal-ready\"><h1>POLITIQUE EN MATI\u00c8RE DE COOKIES<\/h1>\n<p>La pr\u00e9sente Politique en mati\u00e8re de cookies concerne l\u2019utilisation de cookies par le site Web grasselli.com Pour la Politique de confidentialit\u00e9 du site Web, vous pouvez <a href=\"https:\/\/www.grasselli.com\/fr\/privacy\/\">cliquer ici<\/a>.<br \/>\nLes cookies sont de petits fichiers texte qui peuvent \u00eatre utilis\u00e9s par les sites Web pour rendre l\u2019exp\u00e9rience de l\u2019utilisateur plus efficace et qui sont envoy\u00e9s au navigateur de l\u2019utilisateur, o\u00f9 ils sont stock\u00e9s puis retransmis au m\u00eame site Web lors de la prochaine visite de l\u2019utilisateur. Les cookies ont diff\u00e9rentes fonctions.<br \/>\nLes cookies ont pour but d\u2019am\u00e9liorer la fonctionnalit\u00e9 et la navigation sur ce site Web. Dans d\u2019autres cas, les cookies sont utilis\u00e9s pour suivre les utilisateurs pendant qu\u2019ils naviguent, pour enregistrer des informations sur ce que l\u2019utilisateur ach\u00e8te ou pourrait vouloir acheter, pour personnaliser la publicit\u00e9 qui leur est pr\u00e9sent\u00e9e lorsqu\u2019ils ouvrent des e-mails ou naviguent sur les r\u00e9seaux sociaux et pour personnaliser le contenu, fournir des fonctions sp\u00e9cifiques aux r\u00e9seaux sociaux et analyser le trafic.<br \/>\nDans son navigateur, l\u2019utilisateur peut configurer ses pr\u00e9f\u00e9rences en mati\u00e8re de confidentialit\u00e9 de mani\u00e8re \u00e0 ne pas stocker les cookies, \u00e0 les supprimer apr\u00e8s chaque visite ou \u00e0 chaque fois qu\u2019il ferme son navigateur, ou encore \u00e0 n\u2019accepter que les cookies de grasselli.com et non ceux de tiers.<\/p>\n<h2>Cookies techniques<\/h2>\n<p>Les cookies techniques sont ceux dont l\u2019utilisation ne n\u00e9cessite pas le consentement de l\u2019utilisateur. Les cookies techniques sont utilis\u00e9s dans le seul but de permettre \u00e0 l\u2019utilisateur de naviguer sur le site Web et d\u2019utiliser ses fonctionnalit\u00e9s. Il s\u2019agit toujours de cookies de premi\u00e8re partie, car ils sont transmis directement par le responsable du traitement des donn\u00e9es sur le site Web. Les cookies de navigation sont normalement des cookies de session et sont donc automatiquement d\u00e9sactiv\u00e9s lorsque le navigateur est ferm\u00e9. D\u2019autres cookies techniques sont utiles pour permettre \u00e0 certaines pr\u00e9f\u00e9rences de l\u2019utilisateur d\u2019\u00eatre stock\u00e9es sans avoir \u00e0 les red\u00e9finir lors de visites ult\u00e9rieures (c\u2019est ce que l\u2019on appelle les cookies de fonctionnalit\u00e9). Pour cette raison, les cookies de fonctionnalit\u00e9 sont souvent des cookies persistants, car ils restent stock\u00e9s sur l\u2019ordinateur de l\u2019utilisateur m\u00eame apr\u00e8s la fermeture du navigateur, jusqu\u2019\u00e0 leur date d\u2019expiration ou jusqu\u2019\u00e0 ce que l\u2019utilisateur d\u00e9cide de les supprimer.<\/p>\n<h2>Cookies tiers<\/h2>\n<p>Ces cookies sont utilis\u00e9s pour collecter des informations sur l\u2019utilisation du site Web par les utilisateurs sous une forme anonyme, telles que les pages visit\u00e9es, le temps pass\u00e9, l\u2019origine du trafic, l\u2019origine g\u00e9ographique, l\u2019\u00e2ge, le sexe et les centres d\u2019int\u00e9r\u00eat, \u00e0 des fins statistiques et d\u2019activit\u00e9s de marketing. Ces cookies sont envoy\u00e9s par des domaines tiers ext\u00e9rieurs au site Web.<\/p>\n<h3>Cookies tiers : Statistiques<\/h3>\n<p>Ce site Web utilise des cookies statistiques afin d\u2019assurer un service de suivi des conversions et de collecter des informations, sous forme agr\u00e9g\u00e9e, sur les utilisateurs et la mani\u00e8re dont ils visitent ce site Web. Vous pouvez \u00e0 tout moment emp\u00eacher l\u2019installation de cookies par le site Web du responsable du traitement des donn\u00e9es au moyen d\u2019un param\u00e8tre correspondant dans le navigateur que vous utilisez et vous opposer ainsi de mani\u00e8re permanente \u00e0 l\u2019installation de cookies.<\/p>\n<h2>Cookies de profilage<\/h2>\n<p>Les cookies de profilage sont utilis\u00e9s pour cr\u00e9er un profil de l\u2019utilisateur, sur la base des pr\u00e9f\u00e9rences et des go\u00fbts qu\u2019il a exprim\u00e9s en naviguant sur Internet, et pour afficher des messages publicitaires conformes \u00e0 son profil. De cette mani\u00e8re, les publicit\u00e9s que l\u2019utilisateur verra sur ce site Web pourront l\u2019int\u00e9resser davantage. Conform\u00e9ment \u00e0 la l\u00e9gislation en vigueur, un consentement pr\u00e9alable est requis pour l\u2019installation de ces cookies.<\/p>\n<h2>Suppression ou d\u00e9sactivation des cookies<\/h2>\n<p>\u00c0 l\u2019exception des cookies techniques strictement n\u00e9cessaires \u00e0 une navigation normale, la fourniture de donn\u00e9es est laiss\u00e9e \u00e0 la discr\u00e9tion de l\u2019utilisateur qui d\u00e9cide de naviguer sur le site Web apr\u00e8s avoir lu la br\u00e8ve information contenue dans la banni\u00e8re correspondante et d\u2019utiliser des services tiers qui impliquent l\u2019installation de cookies. L\u2019utilisateur peut donc \u00e9viter l\u2019installation de cookies en conservant la banni\u00e8re ou par le biais des fonctions appropri\u00e9es disponibles sur son navigateur ou dans la pr\u00e9sente politique. L\u2019utilisateur peut g\u00e9rer ses pr\u00e9f\u00e9rences en mati\u00e8re de cookies directement dans son navigateur et emp\u00eacher les tiers d\u2019installer des cookies.<br \/>\nIl est important que l\u2019utilisateur sache qu\u2019en d\u00e9sactivant tous les cookies, le fonctionnement de ce site Web pourrait \u00eatre alt\u00e9r\u00e9.<br \/>\nLes proc\u00e9dures de gestion des param\u00e8tres varient d\u2019un navigateur \u00e0 l\u2019autre.<br \/>\nL\u2019utilisateur peut obtenir des instructions sp\u00e9cifiques en cliquant sur les liens ci-dessous.<\/p>\n<p>Eliminer\/d\u00e9sactiver les cookies Android \u00e0 l\u2019adresse suivante :<br \/>\n<a href=\"https:\/\/support.google.com\/chrome\/answer\/2392971?hl=en\" target=\"_blank\" rel=\"noopener\">https:\/\/support.google.com\/chrome\/answer\/2392971?hl=en<\/a><\/p>\n<p>Eliminer\/d\u00e9sactiver les cookies de Mozilla Firefox \u00e0 l\u2019adresse suivante :<br \/>\n<a href=\"http:\/\/support.mozilla.org\/en-US\/kb\/Delete%20cookies\" target=\"_blank\" rel=\"noopener\">http:\/\/support.mozilla.org\/en-US\/kb\/Delete%20cookies<\/a><\/p>\n<p>Eliminer\/d\u00e9sactiver les cookies avec Explorer \u00e0 l\u2019adresse suivante :<br \/>\n<a href=\"http:\/\/windows.microsoft.com\/en-US\/windows-vista\/Delete-your-Internet-cookies\" target=\"_blank\" rel=\"noopener\">http:\/\/windows.microsoft.com\/en-US\/windows-vista\/Delete-your-Internet-cookies<\/a><\/p>\n<p>Eliminer\/d\u00e9sactiver les cookies avec Chrome \u00e0 l\u2019adresse suivante :<br \/>\n<a href=\"http:\/\/support.google.com\/chrome\/bin\/answer.py?hl=en&amp;answer=95647\" target=\"_blank\" rel=\"noopener\">http:\/\/support.google.com\/chrome\/bin\/answer.py?hl=en&amp;answer=95647<\/a><\/p>\n<p>Eliminer\/d\u00e9sactiver les cookies avec Safari \u00e0 l\u2019adresse suivante :<br \/>\n<a href=\"http:\/\/support.apple.com\/kb\/PH5042\" target=\"_blank\" rel=\"noopener\">http:\/\/support.apple.com\/kb\/PH5042<\/a><\/p>\n<p>Eliminer\/d\u00e9sactiver les cookies avec Opera \u00e0 l\u2019adresse suivante :<br \/>\n<a href=\"http:\/\/www.opera.com\/browser\/tutorials\/security\/privacy\/\" target=\"_blank\" rel=\"noopener\">http:\/\/www.opera.com\/browser\/tutorials\/security\/privacy\/<\/a><\/p>\n<p>Eliminer\/d\u00e9sactiver les cookies avec iOS \u00e0 l\u2019adresse suivante :<br \/>\n<a href=\"https:\/\/support.apple.com\/en-us\/HT201265\" target=\"_blank\" rel=\"noopener\">https:\/\/support.apple.com\/en-us\/HT201265<\/a><\/p>\n<p>Pour d\u00e9sactiver les cookies tiers, vous pouvez \u00e9galement utiliser Your Online Choices, <a href=\"http:\/\/www.youronlinechoices.com\" target=\"_blank\" rel=\"noopener\">http:\/\/www.youronlinechoices.com<\/a>, un service Web g\u00e9r\u00e9 par l\u2019organisation \u00e0 but non lucratif European Interactive Digital Advertising Alliance (EDAA) qui fournit des informations sur la publicit\u00e9 comportementale fond\u00e9e sur des cookies de profilage et permet aux utilisateurs de refuser facilement leur installation. En supprimant tous les cookies de votre navigateur ou en les supprimant par le biais de services tels que Your Online Choices, vous emp\u00eacherez l\u2019installation de ces cookies, s\u2019ils proviennent de tiers, de mani\u00e8re g\u00e9n\u00e9rale et pas seulement dans le p\u00e9rim\u00e8tre de ce site.<\/p>\n<h2>Autres informations sur le traitement<\/h2>\n<p>\u00c0 la demande de l\u2019utilisateur, outre les informations contenues dans la pr\u00e9sente Politique en mati\u00e8re de cookies, ce site Web peut fournir des informations suppl\u00e9mentaires et contextuelles concernant des services sp\u00e9cifiques ou la collecte et le traitement de donn\u00e9es \u00e0 caract\u00e8re personnel.<br \/>\n\u00c0 des fins d\u2019exploitation et de maintenance, ce site Web et tout service tiers qu\u2019il utilise peuvent collecter des journaux de syst\u00e8me, c\u2019est-\u00e0-dire des fichiers qui enregistrent les interactions et qui peuvent \u00e9galement contenir des donn\u00e9es \u00e0 caract\u00e8re personnel. De plus amples informations concernant le traitement des donn\u00e9es \u00e0 caract\u00e8re personnel peuvent \u00eatre demand\u00e9es \u00e0 tout moment au responsable du traitement des donn\u00e9es en utilisant les informations de contact.<\/p>\n<h2>Exercice des droits de la personne concern\u00e9e<\/h2>\n<p>Conform\u00e9ment aux articles 15 \u00e0 22 du R\u00e8glement europ\u00e9en n\u00b0 679\/2016, la personne concern\u00e9e a le droit d\u2019obtenir la confirmation de l\u2019existence ou non de donn\u00e9es \u00e0 caract\u00e8re personnel la concernant, m\u00eame si elles ne sont pas encore enregistr\u00e9es, ainsi que la communication de ces donn\u00e9es sous une forme intelligible. La personne concern\u00e9e a le droit d\u2019\u00eatre inform\u00e9e sur a) l\u2019origine des donn\u00e9es \u00e0 caract\u00e8re personnel ;<br \/>\nb) les finalit\u00e9s et les modalit\u00e9s du traitement ; c) la logique appliqu\u00e9e en cas de traitement effectu\u00e9 \u00e0 l\u2019aide d\u2019instruments \u00e9lectroniques ; d) les donn\u00e9es d\u2019identification du responsable du traitement des donn\u00e9es et des sous-traitants des donn\u00e9es \u00e0 caract\u00e8re personnel ;<br \/>\ne) les entit\u00e9s ou les cat\u00e9gories d\u2019entit\u00e9s auxquelles les donn\u00e9es \u00e0 caract\u00e8re personnel peuvent \u00eatre communiqu\u00e9es ou qui peuvent en prendre connaissance en qualit\u00e9 de repr\u00e9sentant d\u00e9sign\u00e9 sur le territoire de l\u2019\u00c9tat, de sous-traitants des donn\u00e9es ou de pr\u00e9pos\u00e9s au traitement ; f) la mise \u00e0 jour, la rectification ou, le cas \u00e9ch\u00e9ant, l\u2019int\u00e9gration des donn\u00e9es ; g) l\u2019effacement, la transformation sous une forme anonyme ou le blocage des donn\u00e9es trait\u00e9es en violation de la loi, y compris les donn\u00e9es dont la conservation n\u2019est pas n\u00e9cessaire par rapport aux finalit\u00e9s pour lesquelles les donn\u00e9es ont \u00e9t\u00e9 collect\u00e9es ou trait\u00e9es par la suite.<\/p>\n<h2>Responsable du traitement des donn\u00e9es<\/h2>\n<p>Le responsable du traitement des donn\u00e9es collect\u00e9es sur ce site Web est Grasselli S.p.A., dont le si\u00e8ge social est situ\u00e9 via S. D\u2019acquisto, 2\/c &#8211; 42020 Albinea (RE) e-mail : <a href=\"mailto:info@grasselli.com\">info@grasselli.com<\/a>.<\/p>\n<p style=\"text-align: right;\"><em>Politique en mati\u00e8re de cookies mise \u00e0 jour en juin 2023.<\/em><\/p>\n<\/div>","protected":false},"excerpt":{"rendered":"<p>POLITIQUE EN MATI\u00c8RE DE COOKIES La pr\u00e9sente Politique en mati\u00e8re de cookies concerne l\u2019utilisation de cookies par le site Web grasselli.com Pour la Politique de confidentialit\u00e9 du site Web, vous pouvez cliquer ici. Les cookies sont de petits fichiers texte qui peuvent \u00eatre utilis\u00e9s par les sites Web pour rendre l\u2019exp\u00e9rience de l\u2019utilisateur plus efficace [&hellip;]<\/p>\n","protected":false},"author":1,"featured_media":0,"parent":0,"menu_order":0,"comment_status":"closed","ping_status":"closed","template":"","meta":{"_acf_changed":false,"footnotes":""},"class_list":["post-6412","page","type-page","status-publish","hentry"],"translation":{"provider":"WPGlobus","version":"3.0.0","language":"fr","enabled_languages":["en","it","ru","es","de","fr","pt","zh"],"languages":{"en":{"title":true,"content":true,"excerpt":false},"it":{"title":true,"content":true,"excerpt":false},"ru":{"title":true,"content":true,"excerpt":false},"es":{"title":true,"content":true,"excerpt":false},"de":{"title":true,"content":true,"excerpt":false},"fr":{"title":true,"content":true,"excerpt":false},"pt":{"title":true,"content":true,"excerpt":false},"zh":{"title":false,"content":false,"excerpt":false}}},"acf":[],"_links":{"self":[{"href":"https:\/\/www.grasselli.com\/fr\/wp-json\/wp\/v2\/pages\/6412"}],"collection":[{"href":"https:\/\/www.grasselli.com\/fr\/wp-json\/wp\/v2\/pages"}],"about":[{"href":"https:\/\/www.grasselli.com\/fr\/wp-json\/wp\/v2\/types\/page"}],"author":[{"embeddable":true,"href":"https:\/\/www.grasselli.com\/fr\/wp-json\/wp\/v2\/users\/1"}],"replies":[{"embeddable":true,"href":"https:\/\/www.grasselli.com\/fr\/wp-json\/wp\/v2\/comments?post=6412"}],"version-history":[{"count":7,"href":"https:\/\/www.grasselli.com\/fr\/wp-json\/wp\/v2\/pages\/6412\/revisions"}],"predecessor-version":[{"id":7379,"href":"https:\/\/www.grasselli.com\/fr\/wp-json\/wp\/v2\/pages\/6412\/revisions\/7379"}],"wp:attachment":[{"href":"https:\/\/www.grasselli.com\/fr\/wp-json\/wp\/v2\/media?parent=6412"}],"curies":[{"name":"wp","href":"https:\/\/api.w.org\/{rel}","templated":true}]}}