{"id":67,"date":"2018-03-06T22:44:04","date_gmt":"2018-03-06T21:44:04","guid":{"rendered":"https:\/\/www.grasselli.com\/?page_id=67"},"modified":"2023-04-27T12:03:14","modified_gmt":"2023-04-27T10:03:14","slug":"about-us","status":"publish","type":"page","link":"https:\/\/www.grasselli.com\/es\/about-us\/","title":{"rendered":"QUI\u00c9NES SOMOS"},"content":{"rendered":"<div id=\"modal-ready\"><p><span style=\"color: #003366;\"><strong>El nacimiento <\/strong><\/span><\/p>\n<p>Grasselli nace en el a\u00f1o <strong>1974<\/strong> gracias a la intuici\u00f3n de su fundador, Giorgio Grasselli. Ese mismo a\u00f1o se fabrica la primera desveladora. Pocos meses despu\u00e9s, la empresa empieza a trabajar a nivel internacional.<\/p>\n<p><span style=\"color: #003366;\"><strong>Los a\u00f1os 90<\/strong><\/span><\/p>\n<p>En <strong>1993 <\/strong>Grasselli inaugura una l\u00ednea nueva de producci\u00f3n y lanza su primera fileteadora industrial. Ya sus primeros modelos ofrecen elevados niveles de prestaci\u00f3n en el sector.<\/p>\n<p><span style=\"color: #003366;\"><strong>El nuevo milenio<\/strong><\/span><\/p>\n<p>En los a\u00f1os <strong>2000<\/strong>, el \u00e9xito en Europa y en EE.UU marca un nuevo rumbo. Los esfuerzos de la empresa se consolidan a trav\u00e9s de la creaci\u00f3n de dos l\u00edneas de productos (<strong>fileteadoras <\/strong>y<strong> desmembradoras<\/strong>), con la convicci\u00f3n de que nuestro trabajo consiste en dise\u00f1ar, fabricar y distribuir, a nivel internacional, soluciones para el corte de productos c\u00e1rnicos que fuesen de vanguardia, seguras y con elevados rendimientos.<\/p>\n<div class=\"citz\">\n<p><span style=\"color: #003366;\"><strong>Con miras al futuro<\/strong><\/span><\/p>\n<p>Hoy, la gama de productos Grasselli se ha ampliado de modo significativo, incluyendo una gran variedad de <strong>soluciones<\/strong> para el corte, el porcionado y el desollado de carnes. Se trata de soluciones estudiadas y realizadas para satisfacer la demanda de alimentos y que se ajustan a los est\u00e1ndares cualitativos cada vez m\u00e1s exigentes que requiere el mercado.<\/p>\n<\/div>\n<p><video controls=\"controls\" width=\"100%\" height=\"480\" data-mce-fragment=\"1\"><source src=\"[site-url]\/videos\/Grasselli_company_video.mp4\" type=\"video\/mp4\" \/>Your browser does not support the video tag.<\/video><\/p>\n<div class=\"row big\">\n<div class=\"col col-md-6 mini\">\n<h4><strong>Elevados rendimientos<\/strong><\/h4>\n<p>La tecnolog\u00eda es esencial para poder ser competitivos ante la demanda de productos cada vez mejores por lo que se refiere a uniformidad, calidad y duraci\u00f3n en las estanter\u00edas. Grasselli ofrece: <strong>mayores vol\u00famenes<\/strong>, <strong>procesamientos <\/strong><strong>m\u00e1s r\u00e1pidos<\/strong> y <strong>cortes m\u00e1s precisos.<\/strong> Para reducir los descartes y maximizar las prestaciones.<\/p>\n<\/div>\n<div class=\"col col-md-6 mini\">\n<h4><strong>Seguridad<\/strong><\/h4>\n<p>Las soluciones Grasselli permiten <strong>eliminar <\/strong><strong>las operaciones manuales peligrosas<\/strong>, reduciendo los riesgos de accidentes en el trabajo. Somos la \u00fanica empresa del sector que ha acumulado una experiencia de d\u00e9cadas en los sistemas de seguridad, patentados a nivel internacional. Como es el caso de los sistema de seguridad CLO, que neutralizan el riesgo de accidentes y maximizan las prestaciones.<\/p>\n<\/div>\n<div class=\"col col-md-6 mini\">\n<h4><strong>Fiabilidad<\/strong><\/h4>\n<p>Todas las m\u00e1quinas de la gama de sistemas de corte, porcionado y desollado Grasselli se dise\u00f1an y realizan totalmente en conformidad con los criterios industriales m\u00e1s estrictos del mercado. Los <strong>materiales seleccionados <\/strong>permiten anticipar las exigencias de mantenimiento, reduciendo los costes de reparaci\u00f3n y el riesgo de parada de la m\u00e1quina.<\/p>\n<\/div>\n<div class=\"col col-md-6 mini\">\n<h4><strong>Investigaci\u00f3n<\/strong><\/h4>\n<p>Mirar hacia el futuro es la esencia de nuestra cultura empresarial. <strong>20 prototipos desarrollados en los \u00faltimos 5 a\u00f1os y m\u00e1s de 25 patentes <\/strong><strong>vigentes<\/strong> en todo el mundo, docenas de modelos de m\u00e1quinas innovadoras y servicios orientados a la resoluci\u00f3n de problemas. Todo ello es posible gracias al conocimientos t\u00e9cnicos y profesionales de nuestro equipo. Porque nuestro verdadero valor a\u00f1adido son las personas.<\/p>\n<\/div>\n<\/div>\n<div class=\"dwnl\" style=\"font-size: 24px; text-align: center;\"><a style=\"font-size: 24px; text-align: center;\" href=\"https:\/\/www.grasselli.com\/wp-content\/uploads\/2018\/08\/GRASSELLI_COMPANY_PROFILE_ENG.pdf\">Download Company Profile<\/a><\/div>\n<\/div>","protected":false},"excerpt":{"rendered":"<p>El nacimiento Grasselli nace en el a\u00f1o 1974 gracias a la intuici\u00f3n de su fundador, Giorgio Grasselli. Ese mismo a\u00f1o se fabrica la primera desveladora. Pocos meses despu\u00e9s, la empresa empieza a trabajar a nivel internacional. Los a\u00f1os 90 En 1993 Grasselli inaugura una l\u00ednea nueva de producci\u00f3n y lanza su primera fileteadora industrial. Ya [&hellip;]<\/p>\n","protected":false},"author":1,"featured_media":0,"parent":0,"menu_order":0,"comment_status":"closed","ping_status":"closed","template":"","meta":{"_acf_changed":false,"footnotes":""},"class_list":["post-67","page","type-page","status-publish","hentry"],"translation":{"provider":"WPGlobus","version":"3.0.0","language":"es","enabled_languages":["en","it","ru","es","de","fr","pt","zh"],"languages":{"en":{"title":true,"content":true,"excerpt":false},"it":{"title":true,"content":true,"excerpt":false},"ru":{"title":true,"content":true,"excerpt":false},"es":{"title":true,"content":true,"excerpt":false},"de":{"title":true,"content":true,"excerpt":false},"fr":{"title":true,"content":true,"excerpt":false},"pt":{"title":true,"content":true,"excerpt":false},"zh":{"title":true,"content":true,"excerpt":false}}},"acf":[],"_links":{"self":[{"href":"https:\/\/www.grasselli.com\/es\/wp-json\/wp\/v2\/pages\/67"}],"collection":[{"href":"https:\/\/www.grasselli.com\/es\/wp-json\/wp\/v2\/pages"}],"about":[{"href":"https:\/\/www.grasselli.com\/es\/wp-json\/wp\/v2\/types\/page"}],"author":[{"embeddable":true,"href":"https:\/\/www.grasselli.com\/es\/wp-json\/wp\/v2\/users\/1"}],"replies":[{"embeddable":true,"href":"https:\/\/www.grasselli.com\/es\/wp-json\/wp\/v2\/comments?post=67"}],"version-history":[{"count":7,"href":"https:\/\/www.grasselli.com\/es\/wp-json\/wp\/v2\/pages\/67\/revisions"}],"predecessor-version":[{"id":7072,"href":"https:\/\/www.grasselli.com\/es\/wp-json\/wp\/v2\/pages\/67\/revisions\/7072"}],"wp:attachment":[{"href":"https:\/\/www.grasselli.com\/es\/wp-json\/wp\/v2\/media?parent=67"}],"curies":[{"name":"wp","href":"https:\/\/api.w.org\/{rel}","templated":true}]}}