{"id":647,"date":"2018-03-26T13:05:26","date_gmt":"2018-03-26T11:05:26","guid":{"rendered":"https:\/\/www.grasselli.com\/?page_id=647"},"modified":"2018-10-24T12:22:59","modified_gmt":"2018-10-24T10:22:59","slug":"careers","status":"publish","type":"page","link":"https:\/\/www.grasselli.com\/es\/careers\/","title":{"rendered":"CARRERAS"},"content":{"rendered":"<div id=\"modal-ready\"><h2>Por qu\u00e9 trabajar con nosotros<\/h2>\n<p>Entra a formar parte de una realidad din\u00e1mica con la mirada puesta firmemente en el futuro. Si quieres aprovechar tus competencias y tu profesionalidad, Grasselli es el lugar donde puedes marcar la diferencia.<\/p>\n<ol>\n<li><strong>Visi\u00f3n global<br \/>\n<\/strong>Estamos presentes en m\u00e1s de 50 pa\u00edses del mundo y seguimos expandi\u00e9ndonos hacia nuevos mercados.<\/li>\n<li><strong>Procesos de producci\u00f3n completos<br \/>\n<\/strong>Producci\u00f3n realizada completamente en nuestra planta para vivir estimulantes experiencias profesionales integrales.<\/li>\n<li><strong>Las personas en primer lugar<br \/>\n<\/strong>Nuestra fortaleza es la innovaci\u00f3n, las personas son el motor de nuestra incesante b\u00fasqueda.<\/li>\n<\/ol>\n<\/div>","protected":false},"excerpt":{"rendered":"<p>Por qu\u00e9 trabajar con nosotros Entra a formar parte de una realidad din\u00e1mica con la mirada puesta firmemente en el futuro. Si quieres aprovechar tus competencias y tu profesionalidad, Grasselli es el lugar donde puedes marcar la diferencia. Visi\u00f3n global Estamos presentes en m\u00e1s de 50 pa\u00edses del mundo y seguimos expandi\u00e9ndonos hacia nuevos mercados. [&hellip;]<\/p>\n","protected":false},"author":1,"featured_media":1054,"parent":0,"menu_order":0,"comment_status":"closed","ping_status":"closed","template":"careers.php","meta":{"_acf_changed":false,"footnotes":""},"class_list":["post-647","page","type-page","status-publish","has-post-thumbnail","hentry"],"translation":{"provider":"WPGlobus","version":"3.0.0","language":"es","enabled_languages":["en","it","ru","es","de","fr","pt","zh"],"languages":{"en":{"title":true,"content":true,"excerpt":false},"it":{"title":true,"content":true,"excerpt":false},"ru":{"title":true,"content":true,"excerpt":false},"es":{"title":true,"content":true,"excerpt":false},"de":{"title":true,"content":true,"excerpt":false},"fr":{"title":true,"content":true,"excerpt":false},"pt":{"title":true,"content":true,"excerpt":false},"zh":{"title":true,"content":true,"excerpt":false}}},"acf":[],"_links":{"self":[{"href":"https:\/\/www.grasselli.com\/es\/wp-json\/wp\/v2\/pages\/647"}],"collection":[{"href":"https:\/\/www.grasselli.com\/es\/wp-json\/wp\/v2\/pages"}],"about":[{"href":"https:\/\/www.grasselli.com\/es\/wp-json\/wp\/v2\/types\/page"}],"author":[{"embeddable":true,"href":"https:\/\/www.grasselli.com\/es\/wp-json\/wp\/v2\/users\/1"}],"replies":[{"embeddable":true,"href":"https:\/\/www.grasselli.com\/es\/wp-json\/wp\/v2\/comments?post=647"}],"version-history":[{"count":1,"href":"https:\/\/www.grasselli.com\/es\/wp-json\/wp\/v2\/pages\/647\/revisions"}],"predecessor-version":[{"id":6918,"href":"https:\/\/www.grasselli.com\/es\/wp-json\/wp\/v2\/pages\/647\/revisions\/6918"}],"wp:featuredmedia":[{"embeddable":true,"href":"https:\/\/www.grasselli.com\/es\/wp-json\/wp\/v2\/media\/1054"}],"wp:attachment":[{"href":"https:\/\/www.grasselli.com\/es\/wp-json\/wp\/v2\/media?parent=647"}],"curies":[{"name":"wp","href":"https:\/\/api.w.org\/{rel}","templated":true}]}}