{"id":6412,"date":"2023-07-17T10:52:18","date_gmt":"2023-07-17T08:52:18","guid":{"rendered":"https:\/\/www.grasselli.com\/?page_id=6412"},"modified":"2023-07-17T12:05:37","modified_gmt":"2023-07-17T10:05:37","slug":"cookie","status":"publish","type":"page","link":"https:\/\/www.grasselli.com\/es\/cookie\/","title":{"rendered":"Pol\u00edtica de cookies"},"content":{"rendered":"<div id=\"modal-ready\"><h1>POL\u00cdTICA DE COOKIES<\/h1>\n<p>La presente Pol\u00edtica de Cookies hace referencia al uso de las Cookies por parte del Sitio Web grasselli.com Para consultar la Pol\u00edtica de Privacidad del Sitio Web puede <a href=\"https:\/\/www.grasselli.com\/es\/privacy\/\">pinchar aqu\u00ed<\/a>.<br \/>\nLas Cookies son peque\u00f1os archivos de texto de tama\u00f1o reducido que los sitios web pueden utilizar para hacer m\u00e1s eficiente la experiencia de Usuario y que se env\u00edan a su navegador, donde se almacenan para luego retransmitirse al mismo Sitio Web en una visita posterior al mismo. Las Cookies tienen diferentes funciones.<br \/>\nLas Cookies sirven para mejorar la funcionalidad y la navegaci\u00f3n de este Sitio Web. Por el contrario, en otros casos, las Cookies se utilizan para monitorizar a los usuarios durante la navegaci\u00f3n, y registran informaci\u00f3n sobre lo que el Usuario compra o podr\u00eda querer comprar, para personalizar la publicidad que se les muestra cuando abren su correo o navegan por una red social y para personalizar contenidos, habilitar las funciones de los medios sociales y analizar el tr\u00e1fico.<br \/>\nEn su navegador,el Usuario puede configurar las preferencias de Privacidad para no memorizar las Cookies, borrarlas tras cada visita o cada vez que cierra el navegador, o aceptar solo las Cookies de grasselli.com y no las de terceros.<\/p>\n<h2>Cookies T\u00e9cnicas<\/h2>\n<p>Las Cookies t\u00e9cnicas son aquellas cuyo uso no requiere el consentimiento del Usuario. Las Cookies t\u00e9cnicas se utilizan solo para hacer posible la navegaci\u00f3n del Usuario por el Sitio Web y para permitirle utilizar sus funcionalidades. Se trata siempre de Cookies de primera parte, en tanto en cuanto las transmite directamente el Titular al Sitio Web. Las Cookies de navegaci\u00f3n son normalmente Cookies de sesi\u00f3n y, por lo tanto, una vez que se cierra el navegador, se desactivan de forma autom\u00e1tica. Otras Cookies t\u00e9cnicas son \u00fatiles para poder memorizar algunas preferencias del Usuario sin tener que volver a ajustarlas en sucesivas visitas (las llamadas Cookies de Funcionalidad). Por este motivo, las Cookies de funcionalidad son a menudo Cookies persistentes, en tanto en cuanto permanecen almacenadas en el ordenador del Usuario incluso despu\u00e9s de haber cerrado el navegador, hasta la fecha de caducidad prevista o hasta que el Usuario haya decidido eliminarlas.<\/p>\n<h2>Cookies de terceros<\/h2>\n<p>Estas Cookies se utilizan para recopilar informaci\u00f3n sobre el uso del Sitio Web que hacen los Usuarios de forma an\u00f3nima, tales como: p\u00e1ginas visitadas, tiempo de permanencia, or\u00edgenes del tr\u00e1fico entrante, procedencia geogr\u00e1fica, edad, g\u00e9nero e intereses, para fines estad\u00edsticos y de actividades de marketing. Estas Cookies se env\u00edan desde dominios de terceros externos al Sitio Web.<\/p>\n<h3>Cookies de terceros: Estad\u00edsticas<\/h3>\n<p>Este sitio utiliza Cookies estad\u00edsticas para realizar un servicio de vigilancia de las conversiones para recopilar informaci\u00f3n, de forma agregada, sobre los Usuarios y sobre c\u00f3mo visitan este Sitio Web. Cabe la posibilidad de impedir en cualquier momento la instalaci\u00f3n de las cookies por parte del Sitio Web del Responsable del Tratamiento, mediante la configuraci\u00f3n correspondiente del navegador utilizado y, por lo tanto, oponerse de forma permanente a la instalaci\u00f3n de las cookies.<\/p>\n<h2>Cookies de elaboraci\u00f3n de perfiles<\/h2>\n<p>Las Cookies de elaboraci\u00f3n de perfiles se utilizan para crear un perfil de Usuario, basado en las preferencias y los gustos que este manifieste durante la navegaci\u00f3n por Internet, y mostrarle mensajes publicitarios coherentes con su perfil. De esta forma, los mensajes publicitarios que el Usuario visualizar\u00e1 en este Sitio Web podr\u00e1n resultarle interesantes en su mayor\u00eda. Conforme a lo previsto en la normativa vigente, para la instalaci\u00f3n de dichas Cookies es necesario un consentimiento previo.<\/p>\n<h2>Eliminar o desactivar las Cookies<\/h2>\n<p>Sin perjuicio de lo dispuesto para las Cookies t\u00e9cnicas estrictamente necesarias para garantizar una navegaci\u00f3n normal, la cesi\u00f3n de Datos depende de la voluntad del Usuario que decida navegar en el Sitio tras haber le\u00eddo el breve aviso informativo incluido en el banner espec\u00edfico y hacer uso de los servicios de terceros que comportan la instalaci\u00f3n de Cookies. As\u00ed pues, el Usuario puede evitar la instalaci\u00f3n de las Cookies manteniendo el banner o mediante las funciones espec\u00edficas disponibles en el propio navegador o en la presente pol\u00edtica. El Usuario puede gestionar las preferencias relativas a las Cookies directamente dentro de su navegador e impedir que terceros puedan instalarlas.<br \/>\nEs importante que el Usuario sepa que, al deshabilitar todas las Cookies, el funcionamiento de este Sitio podr\u00eda verse perjudicado.<br \/>\nCada navegador presenta diferentes procedimientos para gestionar los ajustes.<br \/>\nEl Usuario puede ver las instrucciones espec\u00edficas pinchando en los enlaces incluidos a continuaci\u00f3n.<\/p>\n<p>Eliminar\/desactivar las cookies Android en la siguiente direcci\u00f3n:<br \/>\n<a href=\"https:\/\/support.google.com\/chrome\/answer\/2392971?hl=en\" target=\"_blank\" rel=\"noopener\">https:\/\/support.google.com\/chrome\/answer\/2392971?hl=en<\/a><\/p>\n<p>Eliminar\/desactivar las cookies de Mozilla Firefox en la siguiente direcci\u00f3n:<br \/>\n<a href=\"http:\/\/support.mozilla.org\/en-US\/kb\/Delete%20cookies\" target=\"_blank\" rel=\"noopener\">http:\/\/support.mozilla.org\/en-US\/kb\/Delete%20cookies<\/a><\/p>\n<p>Eliminar\/desactivar las cookies con Explorer en la siguiente direcci\u00f3n:<br \/>\n<a href=\"http:\/\/windows.microsoft.com\/en-US\/windows-vista\/Delete-your-Internet-cookies\" target=\"_blank\" rel=\"noopener\">http:\/\/windows.microsoft.com\/en-US\/windows-vista\/Delete-your-Internet-cookies<\/a><\/p>\n<p>Eliminar\/desactivar las cookies con Chrome en la siguiente direcci\u00f3n:<br \/>\n<a href=\"http:\/\/support.google.com\/chrome\/bin\/answer.py?hl=en&amp;answer=95647\" target=\"_blank\" rel=\"noopener\">http:\/\/support.google.com\/chrome\/bin\/answer.py?hl=en&amp;answer=95647<\/a><\/p>\n<p>Eliminar\/desactivar las cookies con Safari en la siguiente direcci\u00f3n:<br \/>\n<a href=\"http:\/\/support.apple.com\/kb\/PH5042\" target=\"_blank\" rel=\"noopener\">http:\/\/support.apple.com\/kb\/PH5042<\/a><\/p>\n<p>Eliminar\/desactivar las cookies con Opera en la siguiente direcci\u00f3n:<br \/>\n<a href=\"http:\/\/www.opera.com\/browser\/tutorials\/security\/privacy\/\" target=\"_blank\" rel=\"noopener\">http:\/\/www.opera.com\/browser\/tutorials\/security\/privacy\/<\/a><\/p>\n<p>Eliminar\/desactivar las cookies iOS en la siguiente direcci\u00f3n:<br \/>\n<a href=\"https:\/\/support.apple.com\/en-us\/HT201265\" target=\"_blank\" rel=\"noopener\">https:\/\/support.apple.com\/en-us\/HT201265<\/a><\/p>\n<p>Para deshabilitar las Cookies de terceros tambi\u00e9n se puede utilizar Your Online Choices, <a href=\"http:\/\/www.youronlinechoices.com\" target=\"_blank\" rel=\"noopener\">http:\/\/www.youronlinechoices.com<\/a>, un servicio web gestionado por la asociaci\u00f3n sin \u00e1nimo de lucro European Interactive Digital Advertising Alliance (EDAA), que ofrece informaci\u00f3n sobre publicidad comportamental basada en Cookies de elaboraci\u00f3n de perfiles y permite a los usuarios oponerse f\u00e1cilmente (opt-out) a su instalaci\u00f3n. Eliminando todas las Cookies del navegador o borr\u00e1ndolas mediante servicios como Your Online Choices, si son de terceros, se deshabilitar\u00e1n de forma gen\u00e9rica, no solo dentro del per\u00edmetro de este sitio.<\/p>\n<h2>M\u00e1s informaci\u00f3n sobre el tratamiento<\/h2>\n<p>A petici\u00f3n del Usuario, aparte de la informaci\u00f3n incluida en la presente Pol\u00edtica de Cookies, este Sitio Web podr\u00eda proporcionar Informaci\u00f3n adicional y contextual sobre servicios espec\u00edficos o acerca de la recopilaci\u00f3n y el tratamiento de Datos Personales.<br \/>\nPor necesidades vinculadas al funcionamiento y al mantenimiento, este Sitio y los eventuales servicios de terceros que este utiliza podr\u00edan recopilar Logs de sistema, esto es, archivos que registran las interacciones que que tambi\u00e9n pueden incluir Datos Personales. En cualquier momento se puede solicitar m\u00e1s informaci\u00f3n sobre el tratamiento de los Datos Personales al Responsable del Tratamiento, utilizando la informaci\u00f3n de contacto.<\/p>\n<h2>Ejercicio de los derechos del interesado<\/h2>\n<p>Al amparo de los art\u00edculos 15-22 del Reglamento Europeo n.\u00ba 679\/2016, el Interesado tiene derecho a obtener la confirmaci\u00f3n de la existencia de sus datos personales, aunque a\u00fan no se hayan registrado, y de su comunicaci\u00f3n de forma inteligible. El interesado tiene derecho a obtener indicaciones: a) del origen de los datos personales;<br \/>\nb) de las finalidades y modalidades del tratamiento; c) de la l\u00f3gica aplicada en caso de tratamiento realizado con herramientas electr\u00f3nicas; d) de las se\u00f1as de identidad del Responsable y de los Encargados del Tratamiento de los Datos Personales;<br \/>\ne) de las partes o categor\u00edas de partes a las que se pueden comunicar los Datos Personales o que pueden tener conocimiento de los mismos en calidad de representante designado en el territorio del Estado, de encargados o delegados; f) la actualizaci\u00f3n, la rectificaci\u00f3n o, cuando le interesa, la integraci\u00f3n de los Datos; g) la cancelaci\u00f3n, la transformaci\u00f3n en forma an\u00f3nima o el bloqueo de los datos tratados en contravenci\u00f3n de la ley, incluidos aquellos cuya conservaci\u00f3n no es necesaria con respecto a los fines para los que se recopilaron o se trataron posteriormente.<\/p>\n<h2>Responsable del Tratamiento<\/h2>\n<p>El Responsable del Tratamiento de los Datos recopilados por este Sitio Web es Grasselli S.p.A. con domicilio social en via S. D&#8217;acquisto, 2\/c &#8211; 42020 Albinea (Reggio Emilia) e-mail: <a href=\"mailto:info@grasselli.com\">info@grasselli.com<\/a>.<\/p>\n<p style=\"text-align: right;\"><em>Pol\u00edtica de Cookies actualizada en junio de 2023.<\/em><\/p>\n<\/div>","protected":false},"excerpt":{"rendered":"<p>POL\u00cdTICA DE COOKIES La presente Pol\u00edtica de Cookies hace referencia al uso de las Cookies por parte del Sitio Web grasselli.com Para consultar la Pol\u00edtica de Privacidad del Sitio Web puede pinchar aqu\u00ed. Las Cookies son peque\u00f1os archivos de texto de tama\u00f1o reducido que los sitios web pueden utilizar para hacer m\u00e1s eficiente la experiencia [&hellip;]<\/p>\n","protected":false},"author":1,"featured_media":0,"parent":0,"menu_order":0,"comment_status":"closed","ping_status":"closed","template":"","meta":{"_acf_changed":false,"footnotes":""},"class_list":["post-6412","page","type-page","status-publish","hentry"],"translation":{"provider":"WPGlobus","version":"3.0.0","language":"es","enabled_languages":["en","it","ru","es","de","fr","pt","zh"],"languages":{"en":{"title":true,"content":true,"excerpt":false},"it":{"title":true,"content":true,"excerpt":false},"ru":{"title":true,"content":true,"excerpt":false},"es":{"title":true,"content":true,"excerpt":false},"de":{"title":true,"content":true,"excerpt":false},"fr":{"title":true,"content":true,"excerpt":false},"pt":{"title":true,"content":true,"excerpt":false},"zh":{"title":false,"content":false,"excerpt":false}}},"acf":[],"_links":{"self":[{"href":"https:\/\/www.grasselli.com\/es\/wp-json\/wp\/v2\/pages\/6412"}],"collection":[{"href":"https:\/\/www.grasselli.com\/es\/wp-json\/wp\/v2\/pages"}],"about":[{"href":"https:\/\/www.grasselli.com\/es\/wp-json\/wp\/v2\/types\/page"}],"author":[{"embeddable":true,"href":"https:\/\/www.grasselli.com\/es\/wp-json\/wp\/v2\/users\/1"}],"replies":[{"embeddable":true,"href":"https:\/\/www.grasselli.com\/es\/wp-json\/wp\/v2\/comments?post=6412"}],"version-history":[{"count":7,"href":"https:\/\/www.grasselli.com\/es\/wp-json\/wp\/v2\/pages\/6412\/revisions"}],"predecessor-version":[{"id":7379,"href":"https:\/\/www.grasselli.com\/es\/wp-json\/wp\/v2\/pages\/6412\/revisions\/7379"}],"wp:attachment":[{"href":"https:\/\/www.grasselli.com\/es\/wp-json\/wp\/v2\/media?parent=6412"}],"curies":[{"name":"wp","href":"https:\/\/api.w.org\/{rel}","templated":true}]}}