{"id":2557,"date":"2018-07-06T10:50:13","date_gmt":"2018-07-06T08:50:13","guid":{"rendered":"https:\/\/www.grasselli.com\/?page_id=2557"},"modified":"2023-07-17T14:20:27","modified_gmt":"2023-07-17T12:20:27","slug":"privacy","status":"publish","type":"page","link":"https:\/\/www.grasselli.com\/es\/privacy\/","title":{"rendered":"Pol\u00edtica de privacidad"},"content":{"rendered":"<div id=\"modal-ready\"><h1>POL\u00cdTICA DE PRIVACIDAD<\/h1>\n<p>La presente Pol\u00edtica de Privacidad se redacta al amparo del art. 13 del Reglamento Europeo n.\u00ba 679\/2016 y se aplica exclusivamente a todos los Datos recopilados a trav\u00e9s del Sitio Web grasselli.com. La presente Pol\u00edtica de Privacidad est\u00e1 sujeta a actualizaciones que se publicar\u00e1n puntualmente en el Sitio Web. La presente Pol\u00edtica de Privacidad y la <a href=\"https:\/\/www.grasselli.com\/es\/cookie\/\">Pol\u00edtica de cookies<\/a>, sientan las bases sobre las que se tratar\u00e1n los Datos Personales del Interesado.<\/p>\n<h2>Responsable del Tratamiento<\/h2>\n<p>El Responsable del Tratamiento de los Datos recopilados por este Sitio Web es Grasselli S.p.A. con domicilio social en via S. D&#8217;acquisto, 2\/c &#8211; 42020 Albinea (Reggio Emilia) e-mail: <a href=\"mailto:info@grasselli.com\">info@grasselli.com<\/a>.<\/p>\n<h2>Datos Personales<\/h2>\n<p>Por Dato Personal se entiende cualquier informaci\u00f3n relativa a una persona f\u00edsica identificada o identificable (Interesado). Se considerar\u00e1 persona f\u00edsica identificable toda persona cuya identidad pueda determinarse, directa o indirectamente, en particular mediante un identificador, como por ejemplo un nombre, un n\u00famero de identificaci\u00f3n, datos de localizaci\u00f3n, un identificador en l\u00ednea o uno o varios elementos propios de la identidad f\u00edsica.<\/p>\n<h2>Categor\u00eda de Datos Personales tratados<\/h2>\n<p>Entre los Datos Personales tratados por este Sitio Web, de forma aut\u00f3noma o a trav\u00e9s de terceros, existen Datos Comunes, tales como: Cookies, Datos de uso, datos de contacto, incluidos el nombre, el correo electr\u00f3nico y el n\u00famero de tel\u00e9fono.<\/p>\n<h3>Modalidad de Tratamiento de los Datos Personales<\/h3>\n<p>Los Datos Personales proporcionados o adquiridos ser\u00e1n objeto de Tratamiento basado en principios de correcci\u00f3n, licitud, transparencia y protecci\u00f3n de la confidencialidad al amparo de la normativa vigente. El Responsable trata los Datos Personales de los Usuarios adoptando las medidas oportunas de seguridad orientadas a impedir el acceso, la divulgaci\u00f3n, la modificaci\u00f3n o la destrucci\u00f3n no autorizadas de los Datos Personales. El Tratamiento se lleva a cabo mediante herramientas inform\u00e1ticas y\/o telem\u00e1ticas, con modalidades de organizaci\u00f3n y l\u00f3gicas estrictamente vinculadas a las finalidades indicadas.<\/p>\n<h2>Finalidades del Tratamiento de los Datos Personales y Base Jur\u00eddica<\/h2>\n<p>Los Datos Personales los puede recopilar de forma aut\u00f3noma el Responsable o se pueden recabar a trav\u00e9s de terceros. En tal caso, los sistemas inform\u00e1ticos y los procedimientos software orientados al funcionamiento del presente Sitio Web recopilan algunos Datos Personales de los Usuarios, de car\u00e1cter t\u00e9cnico-inform\u00e1tico (p. ej.: direcci\u00f3n IP, tipo de navegador utilizado, sistema operativo, nombre de dominio y direcciones de sitios web desde las que se realiz\u00f3 el acceso o la salida, etc.), cuya transmisi\u00f3n es connatural al funcionamiento normal de Internet. Dichos datos se pueden tratar solo a efectos de recabar informaci\u00f3n estad\u00edstica an\u00f3nima sobre el uso del Sitio Web y\/o para comprobar su correcto funcionamiento, y se borrar\u00e1n inmediatamente despu\u00e9s de su procesamiento.<br \/>\nLos Datos que el Interesado decide proporcionar de forma espont\u00e1nea se someter\u00e1n a tratamiento de conformidad con las condiciones de legalidad que prev\u00e9 el art. 6 del RGPD y se tratar\u00e1n para permitir al Sitio Web prestar sus propios servicios, as\u00ed como para las Finalidades que se indican a continuaci\u00f3n, toda vez que se conservar\u00e1n durante el tiempo necesario para cumplir con dichas Finalidades.<br \/>\nLas Finalidades del tratamiento son:<\/p>\n<p>1. <strong>Responder a las solicitudes y dar informaci\u00f3n<\/strong><br \/>\nLos Datos se tratar\u00e1n a efectos de responder a una solicitud de contacto o atender las peticiones espec\u00edficas del Interesado al Responsable, para comunicaciones relativas a los Servicios y\/o Contenidos del propio Responsable, mediante mensajes de correo electr\u00f3nico u otras herramientas de comunicaci\u00f3n, como el tel\u00e9fono.<br \/>\n<span style=\"text-decoration: underline;\">Base jur\u00eddica<\/span>: este tratamiento es facultativo y se basa en el consentimiento del Interesado; no obstante, la cesi\u00f3n de los Datos es necesaria para la consecuci\u00f3n de la finalidad indicada.<br \/>\n<span style=\"text-decoration: underline;\">Periodo de conservaci\u00f3n de los datos<\/span>: hasta la revocaci\u00f3n del consentimiento por parte del Interesado.<br \/>\n2. <strong>Informaci\u00f3n y obligaciones precontractuales<\/strong><br \/>\nLos Datos se tratar\u00e1n para responder a las solicitudes de contacto o atender las peticiones espec\u00edficas del Interesado al Responsable, para comunicaciones, mediante mensajes de correo electr\u00f3nico o completando otras herramientas de comunicaci\u00f3n como, por ejemplo, formularios de contacto.<br \/>\n<span style=\"text-decoration: underline;\">Base jur\u00eddica<\/span>: este tratamiento es facultativo y se basa en el consentimiento del Interesado; no obstante, la cesi\u00f3n de los Datos es necesaria para la consecuci\u00f3n de la finalidad indicada.<br \/>\n<span style=\"text-decoration: underline;\">Periodo de conservaci\u00f3n de los datos<\/span>: hasta la revocaci\u00f3n del consentimiento por parte del Interesado.<br \/>\n3. <strong>Estad\u00edstica<\/strong><br \/>\nLos Datos se tratar\u00e1n para llevar a cabo an\u00e1lisis estad\u00edsticos sobre datos agregados y an\u00f3nimos para analizar los comportamientos del Interesado con el fin de mejorar los productos y servicios prestados por el Responsable, as\u00ed como para satisfacer las expectativas del propio Interesado.<br \/>\n<span style=\"text-decoration: underline;\">Base jur\u00eddica<\/span>: este tratamiento se basa en el consentimiento prestado de forma libre por el Interesado.<br \/>\n<span style=\"text-decoration: underline;\">Periodo de conservaci\u00f3n de los datos<\/span>: hasta la revocaci\u00f3n del consentimiento por parte del Interesado.<br \/>\n4. <strong>Trabaja con nosotros<\/strong><br \/>\nLos Datos se tratar\u00e1n para responder a las solicitudes de contacto o para atender las peticiones espec\u00edficas de candidatura espont\u00e1nea y\/o para un determinado puesto laboral dirigidas al Responsable por parte del Interesado.<br \/>\n<span style=\"text-decoration: underline;\">Base jur\u00eddica<\/span>: este tratamiento es facultativo y se basa en el consentimiento del Interesado; no obstante, la cesi\u00f3n de los Datos es necesaria para la consecuci\u00f3n de la finalidad indicada.<br \/>\n<span style=\"text-decoration: underline;\">Periodo de conservaci\u00f3n de los datos<\/span>:hasta la revocaci\u00f3n del consentimiento por parte del Interesado.<\/p>\n<h2>Comunicaci\u00f3n de datos<\/h2>\n<p>Aparte del Responsable, en algunos caso, podr\u00edan tener acceso a los Datos:<br \/>\na) categor\u00edas de Delegados formados espec\u00edficamente a tal efecto, implicados en la organizaci\u00f3n del Sitio Web (personal administrativo, comercial, marketing, jur\u00eddico, administradores de sistema);<br \/>\nb) partes externas (como proveedores de servicios t\u00e9cnicos externos, proveedores de hosting, empresas inform\u00e1ticas, agencias de comunicaci\u00f3n) designados tambi\u00e9n como Encargados del Tratamiento por parte del Responsable conforme al art. 28 del RGPD. El listado actualizado de los Encargados, caso de haberlos, siempre se podr\u00e1 solicitar al Responsable del Tratamiento;<br \/>\nc) entes p\u00fablicos o privados que pueden acceder a los Datos en cumplimiento de determinadas obligaciones legales;<br \/>\nd) partes que llevan a cabo tareas accesorias e instrumentales respecto a la actividad del Responsable;<\/p>\n<h2>Plazos del Tratamiento<\/h2>\n<p>Conforme a lo previsto expresamente en el art. 5, p\u00e1rrafo 1, letra. e) del RGPD, los Datos se conservan durante el tiempo necesario para el Tratamiento de los mismos en relaci\u00f3n con el desarrollo del servicio solicitado por el Interesado, o exigido por las Finalidades descritas arriba en el presente documento.<br \/>\nAl final de dicho periodo de conservaci\u00f3n, los Datos Personales se borrar\u00e1n y, por lo tanto, quedar\u00e1n sin efecto los derechos de acceso, cancelaci\u00f3n, rectificaci\u00f3n y portabilidad de los Datos.<\/p>\n<h2>Cookies<\/h2>\n<p>Este Sitio Web utiliza cookies. Las cookies son peque\u00f1os archivos de texto que los sitios web pueden utilizar para hacer m\u00e1s eficiente la experiencia del Interesado y para personalizar contenidos y los anuncios, proporcionar las funciones propias de las redes sociales y analizar el tr\u00e1fico.<br \/>\n<a href=\"https:\/\/www.grasselli.com\/es\/cookie\/\">Pol\u00edtica de cookies<\/a><\/p>\n<h2>Lugar del Tratamiento y transferencia de los Datos al extranjero<\/h2>\n<p>Los Datos se tratan en la sede operativa del Responsable. Para m\u00e1s informaci\u00f3n al respecto, puede contactar con el Responsable del Tratamiento. Los Datos podr\u00e1n ser tratados por personas f\u00edsicas y\/o jur\u00eddicas que operen por cuenta del Responsable o en virtud de v\u00ednculos contractuales espec\u00edficos y que tengan su sede en los Pa\u00edses miembros de la UE o fuera de la UE. En caso de que los Datos se transfieran fuera del EEE, el Responsable adoptar\u00e1 todas las medidas contractuales aptas para garantizar una protecci\u00f3n adecuada de los Datos.<\/p>\n<h2>Ejercicio de los derechos del Interesado<\/h2>\n<p>El Interesado tiene derecho a ejercer las facultades previstas en los art\u00edculos 7, 15-22 del Reg. Europeo 679\/2016. En concreto, tiene derecho a revocar su consentimiento en cualquier momento y, a primer requerimiento del Responsable del Tratamiento, podr\u00e1 solicitar el acceso a los Datos Personales, recibir los Datos personales facilitados al Responsable y, en la medida de lo posible, transmitirlos a otro Responsable del tratamiento sin ning\u00fan impedimento (la llamada \u00abportabilidad), obtener la actualizaci\u00f3n, la limitaci\u00f3n del tratamiento, la rectificaci\u00f3n de los Datos y la cancelaci\u00f3n de los que se traten en contravenci\u00f3n de la normativa vigente. Tiene derecho, por motivos leg\u00edtimos, a oponerse al Tratamiento de los Datos Personales relativos a su persona, as\u00ed como al Tratamiento para fines de env\u00edo de material publicitario, de venta directa y para la realizaci\u00f3n de estudios de mercado. Tambi\u00e9n tiene derecho a presentar una reclamaci\u00f3n ante la Agencia Italiana de Protecci\u00f3n de Datos como autoridad de control en materia de protecci\u00f3n de los datos personales o a recurrir ante las sedes judiciales oportunas. El interesado podr\u00e1 ejercer sus derechos contactando con el Responsable por correo electr\u00f3nico, en la direcci\u00f3n: <a href=\"mailto:info@grasselli.com\">info@grasselli.com<\/a><\/p>\n<h2>Herramientas utilizadas para el Tratamiento de los Datos Personales<\/h2>\n<p><strong>FORMULARIO DE CONTACTO<\/strong><br \/>\nEl Interesado, al rellenar con sus propios Datos el Formulario de contacto, autoriza su uso para responder a las solicitudes de informaci\u00f3n o para cualquier otra finalidad indicada en la cabecera del m\u00f3dulo. Datos Personales recopilados mediante Formulario de contacto: Correo electr\u00f3nico, Nombre y Apellidos.<\/p>\n<p><strong>GESTI\u00d3N DE DIRECCIONES DE CORREO ELECTR\u00d3NICO<\/strong><br \/>\nEstos servicios permiten gestionar una base de datos de contactos de correo electr\u00f3nico, contactos telef\u00f3nicos o contactos de cualquier otro tipo, utilizados para comunicarse con el Interesado. Estos servicios podr\u00edan permitir asimismo recopilar Datos relativos a la fecha y a la hora de visualizaci\u00f3n de los mensajes por parte del Interesado, as\u00ed como a la interacci\u00f3n del Interesado con estos, como la informaci\u00f3n sobre los clics en los enlaces introducidos en los mensajes.<\/p>\n<p><strong>ESTAD\u00cdSTICA<\/strong><br \/>\nLos servicios de estad\u00edstica permiten al Responsable del Tratamiento \u00fanica y exclusivamente monitorizar y analizar los datos de tr\u00e1fico, y sirven para rastrear el comportamiento del Interesado.<\/p>\n<p><strong>INTERACCI\u00d3N CON LAS REDES SOCIALES<\/strong><br \/>\nEstos servicios permiten interactuar con las redes sociales directamente desde las p\u00e1ginas de este Sitio Web. Las interacciones y la informaci\u00f3n recabada por este Sitio Web est\u00e1n en todo caso sujetas a los ajustes de la privacidad del Interesado correspondientes a cada red social. En caso de que tengamos instalado un servicio de interacci\u00f3n con las redes sociales es posible que este recopile datos de tr\u00e1fico sobre las p\u00e1ginas en las que est\u00e1 instalado, incluso en el caso de Usuarios que no utilizan el servicio.<\/p>\n<h2>Enmiendas a esta Pol\u00edtica de Privacidad<\/h2>\n<p>El Responsable del Tratamiento se reserva el derecho a hacer modificaciones a la presente Pol\u00edtica de Privacidad en cualquier momento, informando a los Usuarios a trav\u00e9s de esta p\u00e1gina. As\u00ed pues, rogamos a los Usuarios que consulten con frecuencia esta p\u00e1gina, tomando como referencia la fecha de la \u00faltima modificaci\u00f3n indicada al pie. En caso de no aceptaci\u00f3n de las modificaciones introducidas en la presente Pol\u00edtica de Privacidad, el Interesado est\u00e1 obligado a interrumpir el uso de este Sitio Web, y puede solicitar al Responsable del Tratamiento que elimine sus Datos Personales. Salvo especificaci\u00f3n en contrario, la Pol\u00edtica de Privacidad que antecede seguir\u00e1 aplic\u00e1ndose a los Datos Personales recopilados hasta ese momento.<\/p>\n<p style=\"text-align: right;\"><em>Pol\u00edtica de Privacidad actualizada en junio de 2023<\/em><\/p>\n<\/div>","protected":false},"excerpt":{"rendered":"<p>POL\u00cdTICA DE PRIVACIDAD La presente Pol\u00edtica de Privacidad se redacta al amparo del art. 13 del Reglamento Europeo n.\u00ba 679\/2016 y se aplica exclusivamente a todos los Datos recopilados a trav\u00e9s del Sitio Web grasselli.com. La presente Pol\u00edtica de Privacidad est\u00e1 sujeta a actualizaciones que se publicar\u00e1n puntualmente en el Sitio Web. La presente Pol\u00edtica [&hellip;]<\/p>\n","protected":false},"author":2,"featured_media":0,"parent":0,"menu_order":0,"comment_status":"closed","ping_status":"closed","template":"","meta":{"_acf_changed":false,"footnotes":""},"class_list":["post-2557","page","type-page","status-publish","hentry"],"translation":{"provider":"WPGlobus","version":"3.0.0","language":"es","enabled_languages":["en","it","ru","es","de","fr","pt","zh"],"languages":{"en":{"title":true,"content":true,"excerpt":false},"it":{"title":true,"content":true,"excerpt":false},"ru":{"title":true,"content":true,"excerpt":false},"es":{"title":true,"content":true,"excerpt":false},"de":{"title":true,"content":true,"excerpt":false},"fr":{"title":true,"content":true,"excerpt":false},"pt":{"title":true,"content":true,"excerpt":false},"zh":{"title":false,"content":false,"excerpt":false}}},"acf":[],"_links":{"self":[{"href":"https:\/\/www.grasselli.com\/es\/wp-json\/wp\/v2\/pages\/2557"}],"collection":[{"href":"https:\/\/www.grasselli.com\/es\/wp-json\/wp\/v2\/pages"}],"about":[{"href":"https:\/\/www.grasselli.com\/es\/wp-json\/wp\/v2\/types\/page"}],"author":[{"embeddable":true,"href":"https:\/\/www.grasselli.com\/es\/wp-json\/wp\/v2\/users\/2"}],"replies":[{"embeddable":true,"href":"https:\/\/www.grasselli.com\/es\/wp-json\/wp\/v2\/comments?post=2557"}],"version-history":[{"count":7,"href":"https:\/\/www.grasselli.com\/es\/wp-json\/wp\/v2\/pages\/2557\/revisions"}],"predecessor-version":[{"id":7505,"href":"https:\/\/www.grasselli.com\/es\/wp-json\/wp\/v2\/pages\/2557\/revisions\/7505"}],"wp:attachment":[{"href":"https:\/\/www.grasselli.com\/es\/wp-json\/wp\/v2\/media?parent=2557"}],"curies":[{"name":"wp","href":"https:\/\/api.w.org\/{rel}","templated":true}]}}