{"id":67,"date":"2018-03-06T22:44:04","date_gmt":"2018-03-06T21:44:04","guid":{"rendered":"https:\/\/www.grasselli.com\/?page_id=67"},"modified":"2023-04-27T12:03:14","modified_gmt":"2023-04-27T10:03:14","slug":"about-us","status":"publish","type":"page","link":"https:\/\/www.grasselli.com\/de\/about-us\/","title":{"rendered":"WER WIR SIND"},"content":{"rendered":"<div id=\"modal-ready\"><div class=\"higlight\">\n<p><span style=\"color: #000080;\"><strong><span style=\"color: #003366;\">Die Gr\u00fcndung<\/span> <\/strong><\/span><\/p>\n<p>Grasselli entsteht <strong>1974<\/strong> aufgrund der Intuition seines Gr\u00fcnders, Giorgio Grasselli. In diesem Jahr wird die erste Entschwartungsmaschine hergestellt. Bereits nach wenigen Monaten arbeitet das Unternehmen auf internationaler Ebene.<\/p>\n<p><span style=\"color: #003366;\"><strong>Die 90er Jahre<\/strong><\/span><\/p>\n<p><strong>1993<\/strong> weiht Grasselli eine neue Produktionslinie ein und lanciert seinen ersten industriellen Scheibenschneider. Bereits die ersten Modelle stellen sich in der Branche als besonders leistungsstark auf.<\/p>\n<p><span style=\"color: #003366;\"><strong>Das neue Jahrtausend<\/strong><\/span><\/p>\n<p>In den <strong>2000er Jahren<\/strong> zeichnet der Erfolg in Europa und in den USA einen neuen Weg vor. Die Anstrengungen des Unternehmens konzentrieren sich auf zwei Produktlinien (<strong>Scheibenschneider <\/strong>und<strong> Entvlieser), <\/strong>in der \u00dcberzeugung, dass es unsere Aufgabe ist, technologisch fortschrittliche, sichere und leistungsstarke L\u00f6sungen f\u00fcr den Fleischschnitt zu entwerfen, herzustellen und auf dem internationalen Markt zu vertreiben.<\/p>\n<div class=\"citz\">\n<p><span style=\"color: #003366;\"><strong>Blick in die Zukunft<\/strong><\/span><\/p>\n<p>Heute ist die Produktpalette von Grasselli ziemlich breitgef\u00e4chert und bietet eine gro\u00dfe Vielfalt an L\u00f6sungen f\u00fcr den Schnitt, die Portionierung und die Entschwartung von Fleisch an. Diese L\u00f6sungen sind daf\u00fcr entworfen und realisiert, den Bedarf an Lebensmitteln zu decken, die den h\u00f6chsten Qualit\u00e4tsstandards der M\u00e4rkte entsprechen.<\/p>\n<\/div>\n<p><video controls=\"controls\" width=\"100%\" height=\"480\"><source src=\"[site-url]\/videos\/Grasselli_company_video.mp4\" type=\"video\/mp4\" \/>Your browser does not support the video tag.<\/video><\/p>\n<\/div>\n<div class=\"row big\">\n<div class=\"col col-md-6 mini\">\n<h4>Hohe Ertr\u00e4ge<\/h4>\n<p>Die Technologie ist wesentlich, um konkurrenzf\u00e4hig zu bleiben bei einer Nachfrage nach Produkten, die immer besser sein m\u00fcssen, was die Einheitlichkeit, Qualit\u00e4t und Haltbarkeit anbetrifft. Grasselli bietet Folgendes: <strong>gr\u00f6\u00dfere Mengen<\/strong>, schnellere <strong>Verarbeitung <\/strong>und <strong>pr\u00e4zisere Schnitte<\/strong>. Um den Ausschuss zu reduzieren und die Leistung zu maximieren.<\/p>\n<\/div>\n<div class=\"col col-md-6 mini\">\n<h4>Sicherheit<\/h4>\n<p>Die Grasselli-L\u00f6sungen erm\u00f6glichen die <strong>Vermeidung <\/strong><strong>gef\u00e4hrlicher Handarbeit<\/strong> und verringern somit das Risiko von Arbeitsunf\u00e4llen. Wir sind das einzige Unternehmen der Branche, das jahrzehntelange Erfahrung mit international patentierten Sicherheitssystemen vorweisen kann. Wie das Sicherheitssystemen CLO, das in der Lage ist, das Unfallrisiko zu neutralisieren und die Leistung auf das h\u00f6chste Niveau zu bringen.<\/p>\n<\/div>\n<div class=\"col col-md-6 mini\">\n<h4>Zuverl\u00e4ssigkeit<\/h4>\n<p>Alle Maschinen von Grasselli im Bereich der Systeme f\u00fcr Schnitt, Portionierung und Entschwartung sind nach den striktesten Industriekriterien entworfen und hergestellt worden. Die <strong>ausgew\u00e4hlten Materialien\u00a0<\/strong>erm\u00f6glichen es, vorausschauende Wartungsarbeiten zu erledigen, Reparaturkosten zu reduzieren und Maschinenstillstand zu vermeiden.<\/p>\n<\/div>\n<div class=\"col col-md-6 mini\">\n<h4>Forschung<\/h4>\n<p>Nach vorne zu blicken, ist eines der Merkmale unserer Unternehmenskultur.\u00a0<strong>20 entwickelte Prototypen in den letzten 5 Jahren und mehr als 25 Patente,\u00a0<\/strong>die weltweit angemeldet sind, Dutzende von Maschinenmodellen mit der fortschrittlichsten Technologie und Dienstleistungen, die sich auf Problemsolving konzentrieren. All dies ist dank des technischen und professionellen Know-hows unserer Belegschaft m\u00f6glich. Denn unser eigentlicher Mehrwert sind die Personen.<\/p>\n<\/div>\n<\/div>\n<div class=\"dwnl\" style=\"font-size: 24px; text-align: center;\"><a style=\"font-size: 24px; text-align: center;\" href=\"https:\/\/www.grasselli.com\/wp-content\/uploads\/2018\/08\/GRASSELLI_COMPANY_PROFILE_ENG.pdf\">Download Company Profile<\/a><\/div>\n<\/div>","protected":false},"excerpt":{"rendered":"<p>Die Gr\u00fcndung Grasselli entsteht 1974 aufgrund der Intuition seines Gr\u00fcnders, Giorgio Grasselli. In diesem Jahr wird die erste Entschwartungsmaschine hergestellt. Bereits nach wenigen Monaten arbeitet das Unternehmen auf internationaler Ebene. Die 90er Jahre 1993 weiht Grasselli eine neue Produktionslinie ein und lanciert seinen ersten industriellen Scheibenschneider. Bereits die ersten Modelle stellen sich in der Branche [&hellip;]<\/p>\n","protected":false},"author":1,"featured_media":0,"parent":0,"menu_order":0,"comment_status":"closed","ping_status":"closed","template":"","meta":{"_acf_changed":false,"footnotes":""},"class_list":["post-67","page","type-page","status-publish","hentry"],"translation":{"provider":"WPGlobus","version":"3.0.0","language":"de","enabled_languages":["en","it","ru","es","de","fr","pt","zh"],"languages":{"en":{"title":true,"content":true,"excerpt":false},"it":{"title":true,"content":true,"excerpt":false},"ru":{"title":true,"content":true,"excerpt":false},"es":{"title":true,"content":true,"excerpt":false},"de":{"title":true,"content":true,"excerpt":false},"fr":{"title":true,"content":true,"excerpt":false},"pt":{"title":true,"content":true,"excerpt":false},"zh":{"title":true,"content":true,"excerpt":false}}},"acf":[],"_links":{"self":[{"href":"https:\/\/www.grasselli.com\/de\/wp-json\/wp\/v2\/pages\/67"}],"collection":[{"href":"https:\/\/www.grasselli.com\/de\/wp-json\/wp\/v2\/pages"}],"about":[{"href":"https:\/\/www.grasselli.com\/de\/wp-json\/wp\/v2\/types\/page"}],"author":[{"embeddable":true,"href":"https:\/\/www.grasselli.com\/de\/wp-json\/wp\/v2\/users\/1"}],"replies":[{"embeddable":true,"href":"https:\/\/www.grasselli.com\/de\/wp-json\/wp\/v2\/comments?post=67"}],"version-history":[{"count":7,"href":"https:\/\/www.grasselli.com\/de\/wp-json\/wp\/v2\/pages\/67\/revisions"}],"predecessor-version":[{"id":7072,"href":"https:\/\/www.grasselli.com\/de\/wp-json\/wp\/v2\/pages\/67\/revisions\/7072"}],"wp:attachment":[{"href":"https:\/\/www.grasselli.com\/de\/wp-json\/wp\/v2\/media?parent=67"}],"curies":[{"name":"wp","href":"https:\/\/api.w.org\/{rel}","templated":true}]}}