{"id":647,"date":"2018-03-26T13:05:26","date_gmt":"2018-03-26T11:05:26","guid":{"rendered":"https:\/\/www.grasselli.com\/?page_id=647"},"modified":"2018-10-24T12:22:59","modified_gmt":"2018-10-24T10:22:59","slug":"careers","status":"publish","type":"page","link":"https:\/\/www.grasselli.com\/de\/careers\/","title":{"rendered":"KARRIEREN"},"content":{"rendered":"<div id=\"modal-ready\"><h2>Warum Sie mit uns arbeiten sollten<\/h2>\n<p>Betreten Sie eine dynamische Welt, die ihren Blick entschlossen auf die Zukunft richtet. Wenn Sie Ihre Kompetenzen und Ihre Professionalit\u00e4t einbringen m\u00f6chten, dann ist Grasselli der richtige Ort, wo Sie den Unterschied ausmachen k\u00f6nnen.<\/p>\n<ol>\n<li><strong>Globale Vision<br \/>\n<\/strong>Wir sind in mehr als 50 L\u00e4ndern pr\u00e4sent und expandieren st\u00e4ndig auf neuen M\u00e4rkten.<\/li>\n<li><strong>Vollst\u00e4ndige Produktionsprozesse<br \/>\n<\/strong>Vollst\u00e4ndige In-House Produktion, um umfassende professionelle Erfahrungen machen zu k\u00f6nnen.<\/li>\n<li><strong>Die Menschen kommen zuerst<br \/>\n<\/strong>Unsere Kraft ist die Innovation, die Menschen sind der Motor unserer kontinuierlichen Forschung.<\/li>\n<\/ol>\n<\/div>","protected":false},"excerpt":{"rendered":"<p>Warum Sie mit uns arbeiten sollten Betreten Sie eine dynamische Welt, die ihren Blick entschlossen auf die Zukunft richtet. Wenn Sie Ihre Kompetenzen und Ihre Professionalit\u00e4t einbringen m\u00f6chten, dann ist Grasselli der richtige Ort, wo Sie den Unterschied ausmachen k\u00f6nnen. Globale Vision Wir sind in mehr als 50 L\u00e4ndern pr\u00e4sent und expandieren st\u00e4ndig auf neuen [&hellip;]<\/p>\n","protected":false},"author":1,"featured_media":1054,"parent":0,"menu_order":0,"comment_status":"closed","ping_status":"closed","template":"careers.php","meta":{"_acf_changed":false,"footnotes":""},"class_list":["post-647","page","type-page","status-publish","has-post-thumbnail","hentry"],"translation":{"provider":"WPGlobus","version":"3.0.0","language":"de","enabled_languages":["en","it","ru","es","de","fr","pt","zh"],"languages":{"en":{"title":true,"content":true,"excerpt":false},"it":{"title":true,"content":true,"excerpt":false},"ru":{"title":true,"content":true,"excerpt":false},"es":{"title":true,"content":true,"excerpt":false},"de":{"title":true,"content":true,"excerpt":false},"fr":{"title":true,"content":true,"excerpt":false},"pt":{"title":true,"content":true,"excerpt":false},"zh":{"title":true,"content":true,"excerpt":false}}},"acf":[],"_links":{"self":[{"href":"https:\/\/www.grasselli.com\/de\/wp-json\/wp\/v2\/pages\/647"}],"collection":[{"href":"https:\/\/www.grasselli.com\/de\/wp-json\/wp\/v2\/pages"}],"about":[{"href":"https:\/\/www.grasselli.com\/de\/wp-json\/wp\/v2\/types\/page"}],"author":[{"embeddable":true,"href":"https:\/\/www.grasselli.com\/de\/wp-json\/wp\/v2\/users\/1"}],"replies":[{"embeddable":true,"href":"https:\/\/www.grasselli.com\/de\/wp-json\/wp\/v2\/comments?post=647"}],"version-history":[{"count":1,"href":"https:\/\/www.grasselli.com\/de\/wp-json\/wp\/v2\/pages\/647\/revisions"}],"predecessor-version":[{"id":6918,"href":"https:\/\/www.grasselli.com\/de\/wp-json\/wp\/v2\/pages\/647\/revisions\/6918"}],"wp:featuredmedia":[{"embeddable":true,"href":"https:\/\/www.grasselli.com\/de\/wp-json\/wp\/v2\/media\/1054"}],"wp:attachment":[{"href":"https:\/\/www.grasselli.com\/de\/wp-json\/wp\/v2\/media?parent=647"}],"curies":[{"name":"wp","href":"https:\/\/api.w.org\/{rel}","templated":true}]}}