{"id":6412,"date":"2023-07-17T10:52:18","date_gmt":"2023-07-17T08:52:18","guid":{"rendered":"https:\/\/www.grasselli.com\/?page_id=6412"},"modified":"2023-07-17T12:05:37","modified_gmt":"2023-07-17T10:05:37","slug":"cookie","status":"publish","type":"page","link":"https:\/\/www.grasselli.com\/de\/cookie\/","title":{"rendered":"Cookie-Richtlinie"},"content":{"rendered":"<div id=\"modal-ready\"><h1>VERWENDUNG VON COOKIES<\/h1>\n<p>Diese Erkl\u00e4rung zur Verwendung von Cookies betrifft die Verwendung von Cookies durch die Website grasselli.com. Um die Datenschutzerkl\u00e4rung der Website einzusehen, k\u00f6nnen Sie <a href=\"https:\/\/www.grasselli.com\/de\/privacy\/\">hier klicken<\/a>.<br \/>\nCookies sind kleine Textdateien, die von Websites verwendet werden k\u00f6nnen, um das Benutzererlebnis effizienter zu gestalten. Sie werden an Ihren Browser gesendet, wo sie gespeichert werden, bevor sie beim n\u00e4chsten Besuch derselben Website erneut an diese Website \u00fcbertragen werden. Cookies haben unterschiedliche Funktionen.<br \/>\nCookies sollen die Funktionalit\u00e4t und Navigation dieser Website verbessern. In anderen F\u00e4llen werden Cookies jedoch auch dazu verwendet, Benutzer bei ihrer Navigation zu \u00fcberwachen, um Informationen dar\u00fcber aufzeichnen, was der Benutzer kauft oder kaufen m\u00f6chte und so die Werbung anzupassen, die ihm angezeigt wird, wenn er eine E-Mail \u00f6ffnet oder ein soziales Netzwerk durchsucht. Auf diese Weise werden Inhalte personalisiert, Funktionen der Sozialen Medien bereitgestellt und der Datenverkehr analysiert.<br \/>\nIn seinem Browser kann der Benutzer seine Datenschutzeinstellungen so einstellen, dass keine Cookies gespeichert werden, sie nach jedem Besuch oder bei jedem Schlie\u00dfen des Browsers gel\u00f6scht werden oder sogar nur Cookies von grasselli.com und nicht die von Dritten akzeptiert werden.<\/p>\n<h2>Technische Cookies<\/h2>\n<p>Technische Cookies erfordern keine Zustimmung des Benutzers. Technische Cookies dienen ausschlie\u00dflich dem Zweck, dem Nutzer die Navigation auf der Website und die Nutzung ihrer Funktionen zu erm\u00f6glichen. Hierbei handelt es sich immer um Erstanbieter-Cookies, da sie direkt vom Inhaber der Datenverarbeitung \u00fcber die Website \u00fcbermittelt werden. Navigationscookies sind normalerweise Sitzungscookies und werden daher automatisch deaktiviert, sobald der f\u00fcr die Navigation genutzte Browser geschlossen wird. Andere technische Cookies sind n\u00fctzlich, um die Speicherung einiger Benutzerpr\u00e4ferenzen zu erm\u00f6glichen, sodass diese bei sp\u00e4teren Besuchen nicht erneut ge\u00e4ndert werden m\u00fcssen (sog. Funktionscookies). Aus diesem Grund handelt es sich bei Funktionscookies h\u00e4ufig um dauerhafte Cookies, da sie auch nach dem Schlie\u00dfen des Browsers auf dem Computer des Benutzers gespeichert bleiben, bis ihr Ablaufdatum abgelaufen ist oder der Benutzer sich dazu entschlie\u00dft, sie zu l\u00f6schen.<\/p>\n<h2>Drittanbieter-Cookies<\/h2>\n<p>Diese Cookies werden verwendet, um Informationen \u00fcber die Nutzung der Website durch Benutzer in anonymer Form zu erfassen, z. B. besuchte Seiten, verbrachte Zeit, Herkunft des Datenverkehrs, geografische Herkunft, Alter, Geschlecht und Interessen. Diese Informationen werden f\u00fcr statistische Zwecke und Marketingaktivit\u00e4ten genutzt. Diese Cookies werden von Dom\u00e4nen von Drittanbietern au\u00dferhalb der Website gesendet.<\/p>\n<h3>Drittanbieter-Cookies: Statistiken<\/h3>\n<p>Diese Website verwendet Statistik-Cookies, um einen Konversions-\u00dcberwachungsdienst zu nutzen und in aggregierter Form Informationen \u00fcber Benutzer und die Art und Weise, wie sie diese Website nutzen, zu erfassen. Sie k\u00f6nnen die Installation dieser Cookies durch die Website des Inhabers der Datenverarbeitung jederzeit durch eine entsprechende Einstellung des genutzten Browsers verhindern und damit der Setzung von Cookies dauerhaft widersprechen.<\/p>\n<h2>Cookies zur Profilerstellung<\/h2>\n<p>Profilerstellungs-Cookies werden dazu genutzt, ein Benutzerprofil zu erstellen, das auf den vom Benutzer bei der Navigation im Internet bezeigten Pr\u00e4ferenzen und Vorlieben basiert, und um Werbebotschaften anzuzeigen, die seinem Profil entsprechen. Auf diese Weise werden Werbebotschaften, die der Benutzer auf dieser Website sieht, f\u00fcr diesen interessanter. Gem\u00e4\u00df den geltenden Rechtsvorschriften ist f\u00fcr die Installation dieser Cookies eine vorherige Einwilligung erforderlich.<\/p>\n<h2>L\u00f6schen oder Deaktivieren von Cookies<\/h2>\n<p>Mit Ausnahme von technischen Cookies, die f\u00fcr die normale Navigation unbedingt erforderlich sind, bleibt die Bereitstellung von Daten dem Wunsch des Benutzers \u00fcberlassen, der sich entscheidet, durch unsere Website zu bl\u00e4ttern, nachdem er die Kurzinformationen im entsprechenden Banner zur Kenntnis genommen hat, und die Dienste, die zur Installation von Cookies f\u00fchren, nutzt. Der Benutzer kann jederzeit die Installation von Cookies verhindern, indem er das Banner beibeh\u00e4lt oder die spezifischen Funktionen seines Browsers oder dieser Richtlinie nutzt. Der Benutzer kann seine Pr\u00e4ferenzen in Bezug auf Cookies direkt in seinem Browser verwalten und verhindern, dass Cookies von Drittanbieter installiert werden.<br \/>\nF\u00fcr den Benutzer ist es wichtig zu wissen, dass durch die Deaktivierung aller Cookies die Funktion dieser Website beeintr\u00e4chtigt werden k\u00f6nnte.<br \/>\nJeder Browser verf\u00fcgt \u00fcber unterschiedliche Verfahren zum Verwalten der Einstellungen.<br \/>\nDer Benutzer kann spezifische Anleitungen dazu \u00fcber die nachstehenden Links erhalten.<\/p>\n<p>L\u00f6schen\/deaktivieren von Cookies in Android unter der folgenden Adresse:<br \/>\n<a href=\"https:\/\/support.google.com\/chrome\/answer\/2392971?hl=en\" target=\"_blank\" rel=\"noopener\">https:\/\/support.google.com\/chrome\/answer\/2392971?hl=en<\/a><\/p>\n<p>L\u00f6schen\/deaktivieren von Cookies in Mozilla Firefox unter der folgenden Adresse:<br \/>\n<a href=\"http:\/\/support.mozilla.org\/en-US\/kb\/Delete%20cookies\" target=\"_blank\" rel=\"noopener\">http:\/\/support.mozilla.org\/en-US\/kb\/Delete%20cookies<\/a><\/p>\n<p>L\u00f6schen\/deaktivieren von Cookies in Explorer unter der folgenden Adresse:<br \/>\n<a href=\"http:\/\/windows.microsoft.com\/en-US\/windows-vista\/Delete-your-Internet-cookies\" target=\"_blank\" rel=\"noopener\">http:\/\/windows.microsoft.com\/en-US\/windows-vista\/Delete-your-Internet-cookies<\/a><\/p>\n<p>L\u00f6schen\/deaktivieren von Cookies in Chrome unter der folgenden Adresse:<br \/>\n<a href=\"http:\/\/support.google.com\/chrome\/bin\/answer.py?hl=en&amp;answer=95647\" target=\"_blank\" rel=\"noopener\">http:\/\/support.google.com\/chrome\/bin\/answer.py?hl=en&amp;answer=95647<\/a><\/p>\n<p>L\u00f6schen\/deaktivieren von Cookies in Safari unter der folgenden Adresse:<br \/>\n<a href=\"http:\/\/support.apple.com\/kb\/PH5042\" target=\"_blank\" rel=\"noopener\">http:\/\/support.apple.com\/kb\/PH5042<\/a><\/p>\n<p>L\u00f6schen\/deaktivieren von Cookies in Opera unter der folgenden Adresse:<br \/>\n<a href=\"http:\/\/www.opera.com\/browser\/tutorials\/security\/privacy\/\" target=\"_blank\" rel=\"noopener\">http:\/\/www.opera.com\/browser\/tutorials\/security\/privacy\/<\/a><\/p>\n<p>L\u00f6schen\/deaktivieren von Cookies in iOS unter der folgenden Adresse:<br \/>\n<a href=\"https:\/\/support.apple.com\/en-us\/HT201265\" target=\"_blank\" rel=\"noopener\">https:\/\/support.apple.com\/en-us\/HT201265<\/a><\/p>\n<p>Um Drittanbieter-Cookies zu deaktivieren, k\u00f6nnen Sie auch Your Online Choices unter <a href=\"http:\/\/www.youronlinechoices.com\" target=\"_blank\" rel=\"noopener\">http:\/\/www.youronlinechoices.com<\/a> nutzen, einen Webdienst, der von der gemeinn\u00fctzigen European Interactive Digital Advertising Alliance (EDAA) verwaltet wird. Dieser bietet Informationen zu verhaltensbezogener Werbung auf der Grundlage von Profilerstellungs-Cookies und erm\u00f6glicht es Benutzern, deren Installation auf einfache Weise zu verhindern (Opt-Out). Wenn Sie alle Cookies aus Ihrem Browser l\u00f6schen oder sie \u00fcber Dienste wie \u201eYour Online Choices\u201c entfernen, werden diese, wenn sie von Drittanbietern stammen, generell blockiert, nicht nur innerhalb des Umfangs dieser Website.<\/p>\n<h2>Weitere Informationen zur Verarbeitung<\/h2>\n<p>Auf Wunsch des Benutzers kann diese Website zus\u00e4tzlich zu den in dieser Datenschutzerkl\u00e4rung enthaltenen Informationen zus\u00e4tzliche und kontextbezogene Informationen zu bestimmten Diensten oder zur Erfassung und Verarbeitung personenbezogener Daten bereitstellen.<br \/>\nF\u00fcr Anforderungen im Zusammenhang mit Betrieb und Wartung k\u00f6nnen die Website und alle von ihr genutzten Dienste von Drittanbietern Systemprotokolle erfassen, d. h. Dateien, die die Interaktionen aufzeichnen und auch personenbezogene Daten enthalten k\u00f6nnen. Weitere Informationen in Bezug auf die Verarbeitung personenbezogener Daten k\u00f6nnen jederzeit vom Inhaber der Datenverarbeitung unter Verwendung der Kontaktdaten angefordert werden.<\/p>\n<h2>Aus\u00fcbung der Rechte von betroffenen Personen<\/h2>\n<p>Gem\u00e4\u00df Art. 15-22 der Europ\u00e4ischen Verordnung Nr. 679\/2016 haben betroffene Personen das Recht, eine Best\u00e4tigung f\u00fcr die Existenz oder Nichtexistenz von personenbezogenen Daten, auch wenn diese noch nicht erfasst wurden, sowie deren Mitteilung in verst\u00e4ndlicher Form zu erhalten. Die betroffene Person hat das Recht, folgende Informationen zu erhalten: a) \u00fcber den Ursprung der pers\u00f6nlichen Daten; b) \u00fcber die Zwecke und Methoden der Verarbeitung; c) \u00fcber die angewandte Logik bei der Verarbeitung mithilfe elektronischer Mittel; d) \u00fcber die Daten zur Identifizierung des Inhabers und der Verantwortlichen f\u00fcr die Datenverarbeitung der personenbezogenen Daten; e) \u00fcber die Personen oder Kategorien von Personen, denen die personenbezogenen Daten \u00fcbermittelt werden k\u00f6nnen oder die als im Staatsgebiet ernannte Vertreter, Auftragsverarbeiter oder Beauftragte von ihnen Kenntnis erlangen k\u00f6nnen; f) das Recht auf Aktualisierung, Berichtigung oder, wenn sie daran interessiert ist, die Vervollst\u00e4ndigung der Daten; g) die L\u00f6schung, Anonymisierung oder Sperrung von widerrechtlich verarbeiteten Daten, einschlie\u00dflich solcher, deren Aufbewahrung f\u00fcr die Zwecke, f\u00fcr die sie erfasst oder im Folgenden verarbeitet wurden, nicht erforderlich ist.<\/p>\n<h2>Inhaber der Datenverarbeitung<\/h2>\n<p>Der Inhaber der Datenverarbeitung f\u00fcr die auf dieser Website erfassten Daten ist Grasselli S.p.A. mit Sitz in Via S. D&#8217;Acquisto 2\/c \u2013 42020 Albinea (RE) \u2013 Italien, E-Mail: <a href=\"mailto:info@grasselli.com\">info@grasselli.com<\/a>.<\/p>\n<p style=\"text-align: right;\"><em>Erkl\u00e4rung zur Verwendung von Cookies aktualisiert im Juni 2023.<\/em><\/p>\n<\/div>","protected":false},"excerpt":{"rendered":"<p>VERWENDUNG VON COOKIES Diese Erkl\u00e4rung zur Verwendung von Cookies betrifft die Verwendung von Cookies durch die Website grasselli.com. Um die Datenschutzerkl\u00e4rung der Website einzusehen, k\u00f6nnen Sie hier klicken. Cookies sind kleine Textdateien, die von Websites verwendet werden k\u00f6nnen, um das Benutzererlebnis effizienter zu gestalten. Sie werden an Ihren Browser gesendet, wo sie gespeichert werden, bevor [&hellip;]<\/p>\n","protected":false},"author":1,"featured_media":0,"parent":0,"menu_order":0,"comment_status":"closed","ping_status":"closed","template":"","meta":{"_acf_changed":false,"footnotes":""},"class_list":["post-6412","page","type-page","status-publish","hentry"],"translation":{"provider":"WPGlobus","version":"3.0.0","language":"de","enabled_languages":["en","it","ru","es","de","fr","pt","zh"],"languages":{"en":{"title":true,"content":true,"excerpt":false},"it":{"title":true,"content":true,"excerpt":false},"ru":{"title":true,"content":true,"excerpt":false},"es":{"title":true,"content":true,"excerpt":false},"de":{"title":true,"content":true,"excerpt":false},"fr":{"title":true,"content":true,"excerpt":false},"pt":{"title":true,"content":true,"excerpt":false},"zh":{"title":false,"content":false,"excerpt":false}}},"acf":[],"_links":{"self":[{"href":"https:\/\/www.grasselli.com\/de\/wp-json\/wp\/v2\/pages\/6412"}],"collection":[{"href":"https:\/\/www.grasselli.com\/de\/wp-json\/wp\/v2\/pages"}],"about":[{"href":"https:\/\/www.grasselli.com\/de\/wp-json\/wp\/v2\/types\/page"}],"author":[{"embeddable":true,"href":"https:\/\/www.grasselli.com\/de\/wp-json\/wp\/v2\/users\/1"}],"replies":[{"embeddable":true,"href":"https:\/\/www.grasselli.com\/de\/wp-json\/wp\/v2\/comments?post=6412"}],"version-history":[{"count":7,"href":"https:\/\/www.grasselli.com\/de\/wp-json\/wp\/v2\/pages\/6412\/revisions"}],"predecessor-version":[{"id":7379,"href":"https:\/\/www.grasselli.com\/de\/wp-json\/wp\/v2\/pages\/6412\/revisions\/7379"}],"wp:attachment":[{"href":"https:\/\/www.grasselli.com\/de\/wp-json\/wp\/v2\/media?parent=6412"}],"curies":[{"name":"wp","href":"https:\/\/api.w.org\/{rel}","templated":true}]}}